{"id":1304,"date":"2017-10-23T15:39:14","date_gmt":"2017-10-23T13:39:14","guid":{"rendered":"http:\/\/p4629.phpnet.org\/vaubanwordpress\/?page_id=1304"},"modified":"2017-10-23T15:39:14","modified_gmt":"2017-10-23T13:39:14","slug":"linfirmerie","status":"publish","type":"page","link":"http:\/\/collegevauban-blaye.fr\/?page_id=1304","title":{"rendered":"L&#8217;infirmerie"},"content":{"rendered":"<p>\t\t\t\t[vc_row type=&#8221;vc_default&#8221; css=&#8221;.vc_custom_1474222724005{padding-bottom: 50px !important;}&#8221;][vc_column css=&#8221;.vc_custom_1508769627334{padding-bottom: 30px !important;}&#8221;][vc_single_image image=&#8221;2146&#8243; css_animation=&#8221;rollIn&#8221;]<div id=\"ultimate-heading-598369ed353826536\" class=\"uvc-heading ult-adjust-bottom-margin ultimate-heading-598369ed353826536 uvc-885 \" data-hspacer=\"no_spacer\"  data-halign=\"left\" style=\"text-align:left\"><div class=\"uvc-heading-spacer no_spacer\" style=\"top\"><\/div><div class=\"uvc-main-heading ult-responsive\"  data-ultimate-target='.uvc-heading.ultimate-heading-598369ed353826536 h2'  data-responsive-json-new='{\"font-size\":\"\",\"line-height\":\"\"}' ><h2 style=\"font-weight:bold;margin-bottom:20px;\">L'infirmerie<\/h2><\/div><div class=\"uvc-sub-heading ult-responsive\"  data-ultimate-target='.uvc-heading.ultimate-heading-598369ed353826536 .uvc-sub-heading '  data-responsive-json-new='{\"font-size\":\"desktop:14px;\",\"line-height\":\"desktop:28px;\"}'  style=\"font-weight:normal;margin-bottom:30px;\"><\/p>\n<h2><\/h2>\n<h2><span style=\"color: #008000;\">SANT\u00c9 =\u00a0 Bien \u00eatre physique, mental, social.<\/span><\/h2>\n<p>C\u2019est avant tout un lieu d\u2019accueil et d\u2019\u00e9coute pour les \u00e9l\u00e8ves (et les adultes de la communaut\u00e9 \u00e9ducative) qui en font la demande.<\/p>\n<p>L\u2019infirmi\u00e8re (Mme Verdier-Mateyron) est pr\u00e9sente au coll\u00e8ge les lundi, mardi, jeudi et vendredi.<\/p>\n<p>En ce qui concerne les \u00e9l\u00e8ves malades ou bless\u00e9s, s\u2019ils sont adress\u00e9s \u00e0 l\u2019infirmi\u00e8re (quand celle-ci est pr\u00e9sente et disponible), un diagnostic infirmier est \u00e9tabli. Elle d\u00e9cide alors des suites \u00e0 donner : soins avec retour en cours ou appel \u00e0 la famille ou appel au SAMU centre 15.<\/p>\n<p>L\u2019infirmi\u00e8re ne d\u00e9livre pas de m\u00e9dicaments. Aussi, si un \u00e9l\u00e8ve doit prendre un traitement pendant sa pr\u00e9sence au coll\u00e8ge, il doit \u00eatre \u00e9tabli un Projet d\u2019Accueil Individualis\u00e9 demand\u00e9 par la famille (formulaire \u00e0 retirer \u00e0 l\u2019infirmerie) auquel elle joint l\u2019ordonnance m\u00e9dicale.<\/p>\n<p>Le traitement est alors d\u00e9pos\u00e9 \u00e0 l\u2019infirmerie ou dans le sac de l\u2019\u00e9l\u00e8ve s\u2019il s\u2019agit d\u2019un m\u00e9dicament qu\u2019il doit avoir sur lui (ex : ventoline si asthme).<\/p>\n<p>Les \u00e9l\u00e8ves peuvent se pr\u00e9senter \u00e0 l\u2019infirmerie pendant les r\u00e9cr\u00e9ations. Durant les heures de cours ou de permanence ils doivent demander l\u2019autorisation \u00e0 leur professeur ou \u00e0 l\u2019assistant(e) d\u2019\u00e9ducation qui note le passage sur le carnet de correspondance et leur d\u00e9livre un bille d&#8217;infirmerie.<\/div><\/div>[\/vc_column][\/vc_row][vc_row full_width=&#8221;stretch_row&#8221; type=&#8221;vc_default&#8221; css=&#8221;.vc_custom_1461943602049{padding-top: 50px !important;background-color: #f4f4f4 !important;}&#8221;][vc_column css=&#8221;.vc_custom_1508769639150{margin-top: 50px !important;margin-bottom: 100px !important;}&#8221; offset=&#8221;vc_col-lg-12 vc_col-md-12&#8243;]<div id=\"ultimate-heading-403369ed35382658a\" class=\"uvc-heading ult-adjust-bottom-margin ultimate-heading-403369ed35382658a uvc-5223 \" data-hspacer=\"no_spacer\"  data-halign=\"left\" style=\"text-align:left\"><div class=\"uvc-heading-spacer no_spacer\" style=\"top\"><\/div><div class=\"uvc-main-heading ult-responsive\"  data-ultimate-target='.uvc-heading.ultimate-heading-403369ed35382658a h2'  data-responsive-json-new='{\"font-size\":\"\",\"line-height\":\"\"}' ><h2 style=\"font-weight:bold;margin-bottom:20px;\">Rappels sur le r\u00f4le de l'infirmi\u00e8re en \u00c9tablissement Public Local d'Enseignement<\/h2><\/div><div class=\"uvc-sub-heading ult-responsive\"  data-ultimate-target='.uvc-heading.ultimate-heading-403369ed35382658a .uvc-sub-heading '  data-responsive-json-new='{\"font-size\":\"desktop:18px;\",\"line-height\":\"desktop:34px;\"}'  style=\"font-weight:normal;margin-bottom:20px;\">Conseill\u00e8re technique du chef d\u2019\u00e9tablissement en mati\u00e8re de sant\u00e9, de pr\u00e9vention, d\u2019\u00e9ducation \u00e0 la sant\u00e9, d\u2019hygi\u00e8ne et de s\u00e9curit\u00e9.<\/p>\n<p>R\u00e9f\u00e9rente et actrice de sant\u00e9, tant dans le domaine individuel que le domaine collectif, dans l\u2019\u00e9tablissement scolaire.<\/p>\n<p>&nbsp;<\/p>\n<h3>L&#8217;infirmi\u00e8re :<\/h3>\n<ul>\n<li>contribue au bien \u00eatre et \u00e0 la r\u00e9ussite scolaire de tous les \u00e9l\u00e8ves ;<\/li>\n<li>contribue \u00e0 l\u2019int\u00e9gration scolaire des \u00e9l\u00e8ves atteints d\u2019un handicap ;<\/li>\n<li>effectue ou dispense les actes infirmiers qui rel\u00e8vent de sa comp\u00e9tence et de sa responsabilit\u00e9 ;<\/li>\n<li>d\u00e9veloppe une dynamique d\u2019\u00e9ducation \u00e0 la sant\u00e9 et contribue \u00e0 \u00e9valuer les actions de promotion et d\u2019\u00e9ducation \u00e0 la sant\u00e9 ;<\/li>\n<li>identifie, dans le cadre de son r\u00f4le propre, les besoins, pose un diagnostic infirmier, met en \u0153uvre les actions appropri\u00e9es et les \u00e9value ;<\/li>\n<li>contribue \u00e0 la formation initiale et continue des personnels ;<\/li>\n<li>organise les urgences et les soins<\/li>\n<li>organise le recueil et l\u2019exploitation des donn\u00e9es statistiques par le biais du cahier de l\u2019infirmier(\u00e8re) (logiciel SAGESSE) ;<\/li>\n<li>\u00e9coute et accompagne les \u00e9l\u00e8ves<\/li>\n<li>d\u00e9veloppe, en fonction des besoins rep\u00e9r\u00e9s, une dynamique d\u2019\u00e9ducation \u00e0 la sant\u00e9 dans le cadre du projet d\u2019\u00e9tablissement ou d\u2019\u00e9cole,;<\/li>\n<li>participe \u00e0 la mise en place des dispositifs adapt\u00e9s en cas d\u2019\u00e9v\u00e8nements graves survenant dans la communaut\u00e9 scolaire ;<\/li>\n<li>organise et r\u00e9alise le suivi infirmier des \u00e9l\u00e8ves (bilans en 6\u00e8me, CE2 et G.S.) ;<\/li>\n<li>favorise la scolarisation des \u00e9l\u00e8ves atteints de troubles de la sant\u00e9 \u00e9voluant sur une longue p\u00e9riode ;<\/li>\n<li>intervient aupr\u00e8s des enfants et des adolescents en danger ;<\/li>\n<li>met en place des actions permettant d\u2019am\u00e9liorer la qualit\u00e9 de vie des \u00e9l\u00e8ves en mati\u00e8re d\u2019hygi\u00e8ne, de s\u00e9curit\u00e9 et d\u2019ergonomie ;<\/li>\n<li>participe aux diff\u00e9rentes instances et commissions de l\u2019\u00e9tablissement soit \u00e0 titre de droit, soit s\u2019il est \u00e9lu : C.A., C.E.S.C., C.H.S.C.T., conseil de classe, etc., et \u00e9tablit les liens n\u00e9cessaires avec les professionnels du r\u00e9seau de soins<\/li>\n<\/ul>\n<h2><\/h2>\n<h2 style=\"text-align: center;\"><span style=\"color: #008000;\">L&#8217;infirmi\u00e8re est tenue au secret professionnel &#8230;<\/span><\/h2>\n<p><\/div><\/div>[\/vc_column][\/vc_row][vc_row][vc_column][\/vc_column][\/vc_row]\t\t<\/p>\n","protected":false},"excerpt":{"rendered":"<p>[vc_row type=&#8221;vc_default&#8221; css=&#8221;.vc_custom_1474222724005{padding-bottom: 50px !important;}&#8221;][vc_column css=&#8221;.vc_custom_1508769627334{padding-bottom: 30px !important;}&#8221;][vc_single_image image=&#8221;2146&#8243; css_animation=&#8221;rollIn&#8221;][\/vc_column][\/vc_row][vc_row full_width=&#8221;stretch_row&#8221; type=&#8221;vc_default&#8221; css=&#8221;.vc_custom_1461943602049{padding-top: 50px !important;background-color: #f4f4f4 !important;}&#8221;][vc_column css=&#8221;.vc_custom_1508769639150{margin-top: 50px !important;margin-bottom: 100px !important;}&#8221; offset=&#8221;vc_col-lg-12 vc_col-md-12&#8243;][\/vc_column][\/vc_row][vc_row][vc_column][\/vc_column][\/vc_row]<\/p>\n","protected":false},"author":3,"featured_media":0,"parent":0,"menu_order":1,"comment_status":"closed","ping_status":"closed","template":"","meta":{"footnotes":""},"class_list":["post-1304","page","type-page","status-publish","hentry"],"_links":{"self":[{"href":"http:\/\/collegevauban-blaye.fr\/index.php?rest_route=\/wp\/v2\/pages\/1304","targetHints":{"allow":["GET"]}}],"collection":[{"href":"http:\/\/collegevauban-blaye.fr\/index.php?rest_route=\/wp\/v2\/pages"}],"about":[{"href":"http:\/\/collegevauban-blaye.fr\/index.php?rest_route=\/wp\/v2\/types\/page"}],"author":[{"embeddable":true,"href":"http:\/\/collegevauban-blaye.fr\/index.php?rest_route=\/wp\/v2\/users\/3"}],"replies":[{"embeddable":true,"href":"http:\/\/collegevauban-blaye.fr\/index.php?rest_route=%2Fwp%2Fv2%2Fcomments&post=1304"}],"version-history":[{"count":0,"href":"http:\/\/collegevauban-blaye.fr\/index.php?rest_route=\/wp\/v2\/pages\/1304\/revisions"}],"wp:attachment":[{"href":"http:\/\/collegevauban-blaye.fr\/index.php?rest_route=%2Fwp%2Fv2%2Fmedia&parent=1304"}],"curies":[{"name":"wp","href":"https:\/\/api.w.org\/{rel}","templated":true}]}}