{"id":1373,"date":"2017-10-23T18:21:23","date_gmt":"2017-10-23T16:21:23","guid":{"rendered":"http:\/\/p4629.phpnet.org\/vaubanwordpress\/?page_id=1373"},"modified":"2019-04-10T16:25:19","modified_gmt":"2019-04-10T14:25:19","slug":"la-segpa","status":"publish","type":"page","link":"http:\/\/collegevauban-blaye.fr\/?page_id=1373","title":{"rendered":"La SEGPA"},"content":{"rendered":"<p>[vc_row type=&#8221;vc_default&#8221; css=&#8221;.vc_custom_1474222724005{padding-bottom: 50px !important;}&#8221;][vc_column css=&#8221;.vc_custom_1508832838532{padding-bottom: 30px !important;}&#8221;][vc_column_text]&#8221;Section d\u2019Enseignement G\u00e9n\u00e9rale et Professionnel Adapt\u00e9&#8221;<\/p>\n<p>La S.E.G.P.A. comprend 7 classes :<\/p>\n<p>1 de 6<sup>\u00e8me<\/sup>, 2 de 5<sup>\u00e8me<\/sup>, 2 de 4<sup>\u00e8me<\/sup> et 2 de 3<sup>\u00e8me<\/sup> ayant un effectif r\u00e9duit de 16 \u00e9l\u00e8ves maximum dont 8 \u00e9l\u00e8ves maximum en atelier.<\/p>\n<p>Les enseignants de la S.E.G.P.A. adaptent leurs cours au niveau de leurs \u00e9l\u00e8ves soit en les simplifiant soit en variant les m\u00e9thodes d\u2019apprentissage.<\/p>\n<p>Le faible effectif des classes leur permet aussi de personnaliser la p\u00e9dagogie.<\/p>\n<p>L&#8217;enseignement dans les classes de la S.E.G.P.A. sont dispens\u00e9s par :<\/p>\n<ul>\n<li>des professeurs de coll\u00e8ge en E.P.S., Anglais, Sciences, \u00c9ducation Musicale et Arts Plastiques<\/li>\n<li>des professeurs sp\u00e9cialis\u00e9s dans les difficult\u00e9s scolaires en Fran\u00e7ais, Math\u00e9matiques et Histoire-G\u00e9ographie.<\/li>\n<li>des professeurs de Lyc\u00e9e Professionnel \u00e0 partir de la 4<sup>\u00e8me\u00a0<\/sup><\/li>\n<\/ul>\n<p>Les champs professionnels propos\u00e9s \u00e0 Blaye sont\u00a0:<\/p>\n<ul>\n<li>Habitat (m\u00e9tiers du b\u00e2timent)<\/li>\n<li>V.D.L. (Vente Distribution Logistique)<\/li>\n<li>H.A.S. (Hygi\u00e8ne Alimentation Services)<\/li>\n<\/ul>\n<p>A la fin de la 3<sup>\u00e8me<\/sup>, les \u00e9l\u00e8ves passent le dipl\u00f4me du C.F.G. (Certificat de Formation G\u00e9n\u00e9rale) et le D.N.B. (dipl\u00f4me national du brevet) s\u00e9rie professionnelle.[\/vc_column_text][\/vc_column][\/vc_row]<\/p>\n","protected":false},"excerpt":{"rendered":"<p>[vc_row type=&#8221;vc_default&#8221; css=&#8221;.vc_custom_1474222724005{padding-bottom: 50px !important;}&#8221;][vc_column css=&#8221;.vc_custom_1508832838532{padding-bottom: 30px !important;}&#8221;][vc_column_text]&#8221;Section d\u2019Enseignement G\u00e9n\u00e9rale et Professionnel Adapt\u00e9&#8221; La S.E.G.P.A. comprend 7 classes : 1 de 6\u00e8me, 2 de 5\u00e8me, 2 de 4\u00e8me et 2 de 3\u00e8me ayant un effectif r\u00e9duit de 16 \u00e9l\u00e8ves maximum dont 8 \u00e9l\u00e8ves maximum en atelier. Les enseignants de la S.E.G.P.A. adaptent leurs cours au &hellip; <\/p>\n<p class=\"link-more\"><a href=\"http:\/\/collegevauban-blaye.fr\/?page_id=1373\" class=\"more-link\">Continuer la lecture<span class=\"screen-reader-text\"> de &laquo;&nbsp;La SEGPA&nbsp;&raquo;<\/span><\/a><\/p>\n","protected":false},"author":3,"featured_media":0,"parent":0,"menu_order":1,"comment_status":"closed","ping_status":"closed","template":"","meta":{"footnotes":""},"class_list":["post-1373","page","type-page","status-publish","hentry"],"_links":{"self":[{"href":"http:\/\/collegevauban-blaye.fr\/index.php?rest_route=\/wp\/v2\/pages\/1373","targetHints":{"allow":["GET"]}}],"collection":[{"href":"http:\/\/collegevauban-blaye.fr\/index.php?rest_route=\/wp\/v2\/pages"}],"about":[{"href":"http:\/\/collegevauban-blaye.fr\/index.php?rest_route=\/wp\/v2\/types\/page"}],"author":[{"embeddable":true,"href":"http:\/\/collegevauban-blaye.fr\/index.php?rest_route=\/wp\/v2\/users\/3"}],"replies":[{"embeddable":true,"href":"http:\/\/collegevauban-blaye.fr\/index.php?rest_route=%2Fwp%2Fv2%2Fcomments&post=1373"}],"version-history":[{"count":1,"href":"http:\/\/collegevauban-blaye.fr\/index.php?rest_route=\/wp\/v2\/pages\/1373\/revisions"}],"predecessor-version":[{"id":3557,"href":"http:\/\/collegevauban-blaye.fr\/index.php?rest_route=\/wp\/v2\/pages\/1373\/revisions\/3557"}],"wp:attachment":[{"href":"http:\/\/collegevauban-blaye.fr\/index.php?rest_route=%2Fwp%2Fv2%2Fmedia&parent=1373"}],"curies":[{"name":"wp","href":"https:\/\/api.w.org\/{rel}","templated":true}]}}