{"id":1400,"date":"2017-10-23T18:55:22","date_gmt":"2017-10-23T16:55:22","guid":{"rendered":"http:\/\/p4629.phpnet.org\/vaubanwordpress\/?page_id=1400"},"modified":"2022-01-13T16:55:28","modified_gmt":"2022-01-13T15:55:28","slug":"programme-deducation-artistique-culturelle-college-sebastien-vauban","status":"publish","type":"page","link":"http:\/\/collegevauban-blaye.fr\/?page_id=1400","title":{"rendered":"Programme d&#8217;\u00c9ducation Artistique et Culturelle"},"content":{"rendered":"<p>[vc_row type=&#8221;vc_default&#8221; css=&#8221;.vc_custom_1474222724005{padding-bottom: 50px !important;}&#8221;][vc_column css=&#8221;.vc_custom_1508775950087{padding-bottom: 30px !important;}&#8221;][vc_column_text css=&#8221;.vc_custom_1508777429289{margin-bottom: 30px !important;}&#8221;]<em>Arr\u00eat\u00e9 du 1er juillet 2015 relatif au parcours d&#8217;\u00e9ducation artistique et culturelle (JO du 7 juillet 2015)<\/em><\/p>\n<p>Le <strong>Parcours d\u2019Education Artistique et Culturel<\/strong> accompli par chaque \u00e9l\u00e8ve se construit de l\u2019\u00e9cole primaire au lyc\u00e9e, dans la compl\u00e9mentarit\u00e9 des temps scolaire et p\u00e9riscolaire d&#8217;une part, des enseignements et des actions \u00e9ducatives d&#8217;autre part. Il conjugue l&#8217;ensemble des connaissances et des comp\u00e9tences que l&#8217;\u00e9l\u00e8ve a acquises, des pratiques qu&#8217;il a exp\u00e9riment\u00e9es et des rencontres qu&#8217;il a faites dans les domaines des arts et de la culture. Les diverses activit\u00e9s concourent \u00e0 la validation du Socle (SCCCC).<\/p>\n<p>L\u2019\u00e9tablissement \u00e9tablit un programme pr\u00e9visionnel adaptable en fonction des opportunit\u00e9s, en sus de l\u2019enseignement relatif \u00e0 l\u2019art et \u00e0 la culture, d\u00e9livr\u00e9 en cours et impliquant les diverses mati\u00e8res, y compris \u00e0 travers les Enseignement Pratiques Interdisciplinaires.<\/p>\n<p>L\u2019\u00e9l\u00e8ve peut conserver la trace des activit\u00e9s de son PEAC dans un classeur ou dans un portfolio num\u00e9rique.[\/vc_column_text][\/vc_column][\/vc_row]<\/p>\n<p>Tous les projets s&#8217;inscrivant dans le PEAC au coll\u00e8ge S\u00e9bastien Vauban :<\/p>\n<p><a href=\"https:\/\/view.genial.ly\/6186b7029ef7ea0da6065505\/interactive-content-peac-2021-22\">https:\/\/view.genial.ly\/6186b7029ef7ea0da6065505\/interactive-content-peac-2021-22<\/a><\/p>\n<p>&nbsp;<\/p>\n","protected":false},"excerpt":{"rendered":"<p>[vc_row type=&#8221;vc_default&#8221; css=&#8221;.vc_custom_1474222724005{padding-bottom: 50px !important;}&#8221;][vc_column css=&#8221;.vc_custom_1508775950087{padding-bottom: 30px !important;}&#8221;][vc_column_text css=&#8221;.vc_custom_1508777429289{margin-bottom: 30px !important;}&#8221;]Arr\u00eat\u00e9 du 1er juillet 2015 relatif au parcours d&#8217;\u00e9ducation artistique et culturelle (JO du 7 juillet 2015) Le Parcours d\u2019Education Artistique et Culturel accompli par chaque \u00e9l\u00e8ve se construit de l\u2019\u00e9cole primaire au lyc\u00e9e, dans la compl\u00e9mentarit\u00e9 des temps scolaire et p\u00e9riscolaire d&#8217;une part, des &hellip; <\/p>\n<p class=\"link-more\"><a href=\"http:\/\/collegevauban-blaye.fr\/?page_id=1400\" class=\"more-link\">Continuer la lecture<span class=\"screen-reader-text\"> de &laquo;&nbsp;Programme d&#8217;\u00c9ducation Artistique et Culturelle&nbsp;&raquo;<\/span><\/a><\/p>\n","protected":false},"author":3,"featured_media":0,"parent":0,"menu_order":1,"comment_status":"closed","ping_status":"closed","template":"","meta":{"footnotes":""},"class_list":["post-1400","page","type-page","status-publish","hentry"],"_links":{"self":[{"href":"http:\/\/collegevauban-blaye.fr\/index.php?rest_route=\/wp\/v2\/pages\/1400","targetHints":{"allow":["GET"]}}],"collection":[{"href":"http:\/\/collegevauban-blaye.fr\/index.php?rest_route=\/wp\/v2\/pages"}],"about":[{"href":"http:\/\/collegevauban-blaye.fr\/index.php?rest_route=\/wp\/v2\/types\/page"}],"author":[{"embeddable":true,"href":"http:\/\/collegevauban-blaye.fr\/index.php?rest_route=\/wp\/v2\/users\/3"}],"replies":[{"embeddable":true,"href":"http:\/\/collegevauban-blaye.fr\/index.php?rest_route=%2Fwp%2Fv2%2Fcomments&post=1400"}],"version-history":[{"count":6,"href":"http:\/\/collegevauban-blaye.fr\/index.php?rest_route=\/wp\/v2\/pages\/1400\/revisions"}],"predecessor-version":[{"id":6611,"href":"http:\/\/collegevauban-blaye.fr\/index.php?rest_route=\/wp\/v2\/pages\/1400\/revisions\/6611"}],"wp:attachment":[{"href":"http:\/\/collegevauban-blaye.fr\/index.php?rest_route=%2Fwp%2Fv2%2Fmedia&parent=1400"}],"curies":[{"name":"wp","href":"https:\/\/api.w.org\/{rel}","templated":true}]}}