{"id":1412,"date":"2017-10-23T19:12:19","date_gmt":"2017-10-23T17:12:19","guid":{"rendered":"http:\/\/p4629.phpnet.org\/vaubanwordpress\/?page_id=1412"},"modified":"2023-08-28T17:18:17","modified_gmt":"2023-08-28T15:18:17","slug":"la-vie-scolaire","status":"publish","type":"page","link":"http:\/\/collegevauban-blaye.fr\/?page_id=1412","title":{"rendered":"Vie Scolaire"},"content":{"rendered":"<p>[vc_row type=&#8221;vc_default&#8221; css=&#8221;.vc_custom_1474222724005{padding-bottom: 50px !important;}&#8221;][vc_column css=&#8221;.vc_custom_1508769627334{padding-bottom: 30px !important;}&#8221;][vc_column_text css=&#8221;.vc_custom_1508778994727{margin-bottom: 30px !important;}&#8221;]Le service\u00a0Vie\u00a0scolaire, sous la responsabilit\u00e9 des Conseill\u00e8res Principales d&#8217;Education (C.P.E.) a pour mission\u00a0de favoriser la r\u00e9ussite et l\u2019\u00e9panouissement des \u00e9l\u00e8ves \u00e0 travers\u00a0:<\/p>\n<ul>\n<li>la s\u00e9curit\u00e9 et le respect des r\u00e8gles collectives dans les temps hors cours.<\/li>\n<li>la gestion de la ponctualit\u00e9 et de l\u2019assiduit\u00e9 des \u00e9l\u00e8ves\u00a0: les \u00e9changes entre la vie scolaire et les familles permettent \u00e0 l\u2019\u00e9l\u00e8ve de suivre sa scolarit\u00e9 dans de bonnes conditions.<\/li>\n<li>le suivi des \u00e9l\u00e8ves en liaison avec l\u2019ensemble de la communaut\u00e9 \u00e9ducative afin de favoriser la r\u00e9ussite de tous les \u00e9l\u00e8ves.<\/li>\n<li>la prise en compte et la gestion des probl\u00e8mes collectifs, des conflits, en favorisant la m\u00e9diation.<\/li>\n<li>l\u2019animation au travers de la gestion du foyer du coll\u00e8ge, de la mise en place de projets socio-culturels, ainsi que par la participation aux sorties p\u00e9dagogiques.<\/li>\n<\/ul>\n<p>[\/vc_column_text][\/vc_column][\/vc_row]<\/p>\n","protected":false},"excerpt":{"rendered":"<p>[vc_row type=&#8221;vc_default&#8221; css=&#8221;.vc_custom_1474222724005{padding-bottom: 50px !important;}&#8221;][vc_column css=&#8221;.vc_custom_1508769627334{padding-bottom: 30px !important;}&#8221;][vc_column_text css=&#8221;.vc_custom_1508778994727{margin-bottom: 30px !important;}&#8221;]Le service\u00a0Vie\u00a0scolaire, sous la responsabilit\u00e9 des Conseill\u00e8res Principales d&#8217;Education (C.P.E.) a pour mission\u00a0de favoriser la r\u00e9ussite et l\u2019\u00e9panouissement des \u00e9l\u00e8ves \u00e0 travers\u00a0: la s\u00e9curit\u00e9 et le respect des r\u00e8gles collectives dans les temps hors cours. la gestion de la ponctualit\u00e9 et de l\u2019assiduit\u00e9 des \u00e9l\u00e8ves\u00a0: &hellip; <\/p>\n<p class=\"link-more\"><a href=\"http:\/\/collegevauban-blaye.fr\/?page_id=1412\" class=\"more-link\">Continuer la lecture<span class=\"screen-reader-text\"> de &laquo;&nbsp;Vie Scolaire&nbsp;&raquo;<\/span><\/a><\/p>\n","protected":false},"author":3,"featured_media":0,"parent":0,"menu_order":1,"comment_status":"closed","ping_status":"closed","template":"","meta":{"footnotes":""},"class_list":["post-1412","page","type-page","status-publish","hentry"],"_links":{"self":[{"href":"http:\/\/collegevauban-blaye.fr\/index.php?rest_route=\/wp\/v2\/pages\/1412","targetHints":{"allow":["GET"]}}],"collection":[{"href":"http:\/\/collegevauban-blaye.fr\/index.php?rest_route=\/wp\/v2\/pages"}],"about":[{"href":"http:\/\/collegevauban-blaye.fr\/index.php?rest_route=\/wp\/v2\/types\/page"}],"author":[{"embeddable":true,"href":"http:\/\/collegevauban-blaye.fr\/index.php?rest_route=\/wp\/v2\/users\/3"}],"replies":[{"embeddable":true,"href":"http:\/\/collegevauban-blaye.fr\/index.php?rest_route=%2Fwp%2Fv2%2Fcomments&post=1412"}],"version-history":[{"count":2,"href":"http:\/\/collegevauban-blaye.fr\/index.php?rest_route=\/wp\/v2\/pages\/1412\/revisions"}],"predecessor-version":[{"id":9576,"href":"http:\/\/collegevauban-blaye.fr\/index.php?rest_route=\/wp\/v2\/pages\/1412\/revisions\/9576"}],"wp:attachment":[{"href":"http:\/\/collegevauban-blaye.fr\/index.php?rest_route=%2Fwp%2Fv2%2Fmedia&parent=1412"}],"curies":[{"name":"wp","href":"https:\/\/api.w.org\/{rel}","templated":true}]}}