{"id":1417,"date":"2017-10-23T19:15:13","date_gmt":"2017-10-23T17:15:13","guid":{"rendered":"http:\/\/p4629.phpnet.org\/vaubanwordpress\/?page_id=1417"},"modified":"2017-10-23T19:15:13","modified_gmt":"2017-10-23T17:15:13","slug":"service-social-en-faveur-des-eleves","status":"publish","type":"page","link":"http:\/\/collegevauban-blaye.fr\/?page_id=1417","title":{"rendered":"Service social en faveur des \u00e9l\u00e8ves"},"content":{"rendered":"<p>\t\t\t\t[vc_row type=&#8221;vc_default&#8221; css=&#8221;.vc_custom_1474222724005{padding-bottom: 50px !important;}&#8221;][vc_column css=&#8221;.vc_custom_1508769627334{padding-bottom: 30px !important;}&#8221;]<div id=\"ultimate-heading-717969f2d8a77a8b0\" class=\"uvc-heading ult-adjust-bottom-margin ultimate-heading-717969f2d8a77a8b0 uvc-4559 \" data-hspacer=\"no_spacer\"  data-halign=\"left\" style=\"text-align:left\"><div class=\"uvc-heading-spacer no_spacer\" style=\"top\"><\/div><div class=\"uvc-main-heading ult-responsive\"  data-ultimate-target='.uvc-heading.ultimate-heading-717969f2d8a77a8b0 h2'  data-responsive-json-new='{\"font-size\":\"\",\"line-height\":\"\"}' ><h2 style=\"font-weight:bold;margin-bottom:20px;\">Service social en faveur des \u00e9l\u00e8ves<\/h2><\/div><\/div>[vc_column_text css=&#8221;.vc_custom_1549970975134{margin-bottom: 30px !important;}&#8221;]<\/p>\n<h3 style=\"text-align: center;\"><span style=\"color: #ff0000;\">Mme SOURZAC, assistante sociale scolaire, re\u00e7oit les lundi et vendredi.<\/span><\/h3>\n<h3 style=\"text-align: center;\"><span style=\"color: #ff0000;\">t\u00e9l\u00e9phone : 05 57 42 04 00<\/span><\/h3>\n<h3>Missions de l\u2019assistante sociale\u00a0:<\/h3>\n<p>L\u2019assistante sociale scolaire \u00e9coute, \u00e9value, informe et accompagne l\u2019\u00e9l\u00e8ve dans son \u00e9volution et dans sa recherche d\u2019identit\u00e9. Elle aide l\u2019\u00e9l\u00e8ve \u00e0 clarifier sa demande.<\/p>\n<p>L\u2019objectif est de permettre \u00e0 l\u2019\u00e9l\u00e8ve de s\u2019ins\u00e9rer dans le milieu scolaire, parmi ses camarades et dans sa famille, de permettre \u00e9galement \u00e0 l\u2019\u00e9l\u00e8ve de reconnaitre ses capacit\u00e9s et les personnes sur lesquelles il peut s\u2019appuyer et enfin de l\u2019aider \u00e0 se construire un projet professionnel.<\/p>\n<p>Le bureau de l\u2019assistante sociale est un lieu o\u00f9 l\u2019\u00e9l\u00e8ve doit pouvoir s\u2019exprimer librement.<\/p>\n<p><strong>LE SECRET PROFESSIONNEL GARANTIT LE RESPECT DE LA VIE PRIVEE.<\/strong><\/p>\n<p>L\u2019assistante sociale :<\/p>\n<ul>\n<li>participe \u00e0 la protection de l\u2019enfance, \u00e0 l\u2019orientation des \u00e9l\u00e8ves qui doivent b\u00e9n\u00e9ficier d\u2019une orientation scolaire ou \u00e9ducative sp\u00e9cialis\u00e9e et participe \u00e9galement \u00e0 la lutte pour l\u2019assiduit\u00e9 scolaire.<\/li>\n<li>contribue \u00e0 la pr\u00e9vention de : l&#8217;\u00e9chec scolaire\/de l\u2019absent\u00e9isme\/du d\u00e9crochage<\/li>\n<li>travaille en liaison \u00e9troite avec la vie scolaire de l&#8217;\u00e9tablissement<\/li>\n<li>contribue \u00e0 l&#8217;am\u00e9lioration du climat scolaire en participant \u00e0 la pr\u00e9vention des violences et du <strong>harc\u00e8lement<\/strong> sous toutes leur formes, en soutenant les \u00e9l\u00e8ves (victimes comme auteurs), en assurant une m\u00e9diation dans les situations de tensions, conflits et rupture de dialogue.<\/li>\n<\/ul>\n<p>L\u2019assistante sociale re\u00e7oit tous les \u00e9l\u00e8ves qui la sollicitent\u00a0; les parents d\u00e9sirant discuter sur les probl\u00e8mes concernant leur enfant, ou sollicitant un conseil ou un soutien\u00a0; les professeurs et personnel qui connaissent les \u00e9l\u00e8ves, pour un conseil technique ou une orientation concernant la vie sociale ou familiale de l\u2019enfant.<\/p>\n<p>&nbsp;<\/p>\n<p>Enfin, l\u2019assistante sociale travaille en partenariat avec les services sociaux ext\u00e9rieurs et associations du secteur.[\/vc_column_text][\/vc_column][\/vc_row]\t\t<\/p>\n","protected":false},"excerpt":{"rendered":"<p>[vc_row type=&#8221;vc_default&#8221; css=&#8221;.vc_custom_1474222724005{padding-bottom: 50px !important;}&#8221;][vc_column css=&#8221;.vc_custom_1508769627334{padding-bottom: 30px !important;}&#8221;][vc_column_text css=&#8221;.vc_custom_1549970975134{margin-bottom: 30px !important;}&#8221;] Mme SOURZAC, assistante sociale scolaire, re\u00e7oit les lundi et vendredi. t\u00e9l\u00e9phone : 05 57 42 04 00 Missions de l\u2019assistante sociale\u00a0: L\u2019assistante sociale scolaire \u00e9coute, \u00e9value, informe et accompagne l\u2019\u00e9l\u00e8ve dans son \u00e9volution et dans sa recherche d\u2019identit\u00e9. Elle aide l\u2019\u00e9l\u00e8ve \u00e0 clarifier sa &hellip; <\/p>\n<p class=\"link-more\"><a href=\"http:\/\/collegevauban-blaye.fr\/?page_id=1417\" class=\"more-link\">Continuer la lecture<span class=\"screen-reader-text\"> de &laquo;&nbsp;Service social en faveur des \u00e9l\u00e8ves&nbsp;&raquo;<\/span><\/a><\/p>\n","protected":false},"author":3,"featured_media":0,"parent":0,"menu_order":1,"comment_status":"closed","ping_status":"closed","template":"","meta":{"footnotes":""},"class_list":["post-1417","page","type-page","status-publish","hentry"],"_links":{"self":[{"href":"http:\/\/collegevauban-blaye.fr\/index.php?rest_route=\/wp\/v2\/pages\/1417","targetHints":{"allow":["GET"]}}],"collection":[{"href":"http:\/\/collegevauban-blaye.fr\/index.php?rest_route=\/wp\/v2\/pages"}],"about":[{"href":"http:\/\/collegevauban-blaye.fr\/index.php?rest_route=\/wp\/v2\/types\/page"}],"author":[{"embeddable":true,"href":"http:\/\/collegevauban-blaye.fr\/index.php?rest_route=\/wp\/v2\/users\/3"}],"replies":[{"embeddable":true,"href":"http:\/\/collegevauban-blaye.fr\/index.php?rest_route=%2Fwp%2Fv2%2Fcomments&post=1417"}],"version-history":[{"count":0,"href":"http:\/\/collegevauban-blaye.fr\/index.php?rest_route=\/wp\/v2\/pages\/1417\/revisions"}],"wp:attachment":[{"href":"http:\/\/collegevauban-blaye.fr\/index.php?rest_route=%2Fwp%2Fv2%2Fmedia&parent=1417"}],"curies":[{"name":"wp","href":"https:\/\/api.w.org\/{rel}","templated":true}]}}