{"id":1495,"date":"2017-10-24T12:23:07","date_gmt":"2017-10-24T10:23:07","guid":{"rendered":"http:\/\/p4629.phpnet.org\/vaubanwordpress\/?page_id=1495"},"modified":"2017-10-24T12:23:07","modified_gmt":"2017-10-24T10:23:07","slug":"eps-programmation","status":"publish","type":"page","link":"http:\/\/collegevauban-blaye.fr\/?page_id=1495","title":{"rendered":"EPS Programmation"},"content":{"rendered":"<p>\t\t\t\t[vc_row type=&#8221;vc_default&#8221;][vc_column css=&#8221;.vc_custom_1508840721044{padding-bottom: 30px !important;}&#8221;]<div id=\"ultimate-heading-439369e7fd162d1b7\" class=\"uvc-heading ult-adjust-bottom-margin ultimate-heading-439369e7fd162d1b7 uvc-130 \" data-hspacer=\"no_spacer\"  data-halign=\"left\" style=\"text-align:left\"><div class=\"uvc-heading-spacer no_spacer\" style=\"top\"><\/div><div class=\"uvc-main-heading ult-responsive\"  data-ultimate-target='.uvc-heading.ultimate-heading-439369e7fd162d1b7 h2'  data-responsive-json-new='{\"font-size\":\"\",\"line-height\":\"\"}' ><h2 style=\"font-weight:bold;margin-bottom:20px;\">QUE FAIT-ON EN EPS AU COLL\u00c8GE S\u00c9BASTIEN VAUBAN? <\/h2><\/div><\/div>[vc_column_text css=&#8221;.vc_custom_1522141441651{margin-bottom: 30px !important;}&#8221;]Tu aimes le rugby ? Moins la danse ? Ou l\u2019inverse ! Pas de chance, ce n\u2019est pas toi qui choisis les sports que tu vas pratiquer au coll\u00e8ge. L\u2019\u00e9quipe des professeurs d\u2019EPS va choisir diff\u00e9rentes activit\u00e9s sportives pour r\u00e9pondre aux instructions officiel du programme pour d\u00e9cider quelles activit\u00e9s ils vont te proposer au cours de l\u2019ann\u00e9e scolaire.<\/p>\n<p>Bien entendu, il faut que nous ayons des installations sportives pour pouvoir les enseigner. Et ce n\u2019est pas toujours facile. Car il n\u2019y en a pas assez pour tout pratiquer. Et certaines, sont payantes. Chaque ann\u00e9e, le coll\u00e8ge verse un loyer \u00e0 la municipalit\u00e9 pour que tu puisses faire du sport dans les gymnases, stades, piscine\u2026 Tu comprendras pourquoi, on te demande alors de respecter ces lieux.<\/p>\n<p>En prenant en compte les caract\u00e9ristiques des \u00e9l\u00e8ves, les objectifs de l\u2019EPS, les moyens disponibles, l\u2019\u00e9quipe enseignante d\u2019EPS a retenu les activit\u00e9s suivantes :[\/vc_column_text][\/vc_column][\/vc_row][vc_row type=&#8221;vc_default&#8221;][vc_column css=&#8221;.vc_custom_1508833030462{padding-bottom: 30px !important;}&#8221;][vc_single_image image=&#8221;1497&#8243; img_size=&#8221;large&#8221;][\/vc_column][\/vc_row][vc_row type=&#8221;vc_default&#8221; css=&#8221;.vc_custom_1474222724005{padding-bottom: 50px !important;}&#8221;][vc_column css=&#8221;.vc_custom_1508833030462{padding-bottom: 30px !important;}&#8221;][vc_column_text css=&#8221;.vc_custom_1522142126533{margin-bottom: 30px !important;}&#8221;]Il est possible aussi qu\u2019il y ait des changements de derni\u00e8re minute dus aux conditions climatiques, installations indisponibles, absences de professeurs\u2026 D\u2019o\u00f9 la n\u00e9cessit\u00e9 pour le professeur de vous proposer des activit\u00e9s qui ne sont pas dans le programme initial.<\/p>\n<p>Pour les \u00e9l\u00e8ves de 6\u00e8me, vous pratiquez 8 activit\u00e9s diff\u00e9rentes r\u00e9parties sur 4 cycles et \u00e0 raison de 2 cours d\u2019EPS par semaine. Pour les autres \u00e9l\u00e8ves (en 5e, 4e et 3e), vous avez 3 heures d\u2019EPS ( r\u00e9partis en 2 heures par semaine et 2 heures en quinzaine). Par cons\u00e9quent, tu pratiqueras chaque ann\u00e9e de 4 (en 5e, 4e, 3e) \u00e0 8 sports diff\u00e9rents(en 6e).[\/vc_column_text][\/vc_column][\/vc_row]\t\t<\/p>\n","protected":false},"excerpt":{"rendered":"<p>[vc_row type=&#8221;vc_default&#8221;][vc_column css=&#8221;.vc_custom_1508840721044{padding-bottom: 30px !important;}&#8221;][vc_column_text css=&#8221;.vc_custom_1522141441651{margin-bottom: 30px !important;}&#8221;]Tu aimes le rugby ? Moins la danse ? Ou l\u2019inverse ! Pas de chance, ce n\u2019est pas toi qui choisis les sports que tu vas pratiquer au coll\u00e8ge. L\u2019\u00e9quipe des professeurs d\u2019EPS va choisir diff\u00e9rentes activit\u00e9s sportives pour r\u00e9pondre aux instructions officiel du programme pour d\u00e9cider quelles &hellip; <\/p>\n<p class=\"link-more\"><a href=\"http:\/\/collegevauban-blaye.fr\/?page_id=1495\" class=\"more-link\">Continuer la lecture<span class=\"screen-reader-text\"> de &laquo;&nbsp;EPS Programmation&nbsp;&raquo;<\/span><\/a><\/p>\n","protected":false},"author":3,"featured_media":0,"parent":0,"menu_order":1,"comment_status":"closed","ping_status":"closed","template":"","meta":{"footnotes":""},"class_list":["post-1495","page","type-page","status-publish","hentry"],"_links":{"self":[{"href":"http:\/\/collegevauban-blaye.fr\/index.php?rest_route=\/wp\/v2\/pages\/1495","targetHints":{"allow":["GET"]}}],"collection":[{"href":"http:\/\/collegevauban-blaye.fr\/index.php?rest_route=\/wp\/v2\/pages"}],"about":[{"href":"http:\/\/collegevauban-blaye.fr\/index.php?rest_route=\/wp\/v2\/types\/page"}],"author":[{"embeddable":true,"href":"http:\/\/collegevauban-blaye.fr\/index.php?rest_route=\/wp\/v2\/users\/3"}],"replies":[{"embeddable":true,"href":"http:\/\/collegevauban-blaye.fr\/index.php?rest_route=%2Fwp%2Fv2%2Fcomments&post=1495"}],"version-history":[{"count":0,"href":"http:\/\/collegevauban-blaye.fr\/index.php?rest_route=\/wp\/v2\/pages\/1495\/revisions"}],"wp:attachment":[{"href":"http:\/\/collegevauban-blaye.fr\/index.php?rest_route=%2Fwp%2Fv2%2Fmedia&parent=1495"}],"curies":[{"name":"wp","href":"https:\/\/api.w.org\/{rel}","templated":true}]}}