{"id":4210,"date":"2019-10-04T11:16:26","date_gmt":"2019-10-04T09:16:26","guid":{"rendered":"http:\/\/collegevauban-blaye.fr\/?page_id=4210"},"modified":"2019-10-04T11:16:26","modified_gmt":"2019-10-04T09:16:26","slug":"levaluation-de-debut-de-sixieme","status":"publish","type":"page","link":"http:\/\/collegevauban-blaye.fr\/?page_id=4210","title":{"rendered":"L&#8217;\u00e9valuation de d\u00e9but de sixi\u00e8me &#8230;"},"content":{"rendered":"<p><img loading=\"lazy\" decoding=\"async\" class=\"alignnone size-full wp-image-4206 aligncenter\" src=\"http:\/\/collegevauban-blaye.fr\/wp-content\/uploads\/2019\/10\/\u00e9valuation-6i\u00e8me-infographie.jpg\" alt=\"\" width=\"740\" height=\"1641\" srcset=\"http:\/\/collegevauban-blaye.fr\/wp-content\/uploads\/2019\/10\/\u00e9valuation-6i\u00e8me-infographie.jpg 740w, http:\/\/collegevauban-blaye.fr\/wp-content\/uploads\/2019\/10\/\u00e9valuation-6i\u00e8me-infographie-135x300.jpg 135w, http:\/\/collegevauban-blaye.fr\/wp-content\/uploads\/2019\/10\/\u00e9valuation-6i\u00e8me-infographie-462x1024.jpg 462w\" sizes=\"auto, (max-width: 706px) 89vw, (max-width: 767px) 82vw, 740px\" \/><\/p>\n","protected":false},"excerpt":{"rendered":"","protected":false},"author":3,"featured_media":0,"parent":0,"menu_order":0,"comment_status":"closed","ping_status":"closed","template":"","meta":{"footnotes":""},"class_list":["post-4210","page","type-page","status-publish","hentry"],"_links":{"self":[{"href":"http:\/\/collegevauban-blaye.fr\/index.php?rest_route=\/wp\/v2\/pages\/4210","targetHints":{"allow":["GET"]}}],"collection":[{"href":"http:\/\/collegevauban-blaye.fr\/index.php?rest_route=\/wp\/v2\/pages"}],"about":[{"href":"http:\/\/collegevauban-blaye.fr\/index.php?rest_route=\/wp\/v2\/types\/page"}],"author":[{"embeddable":true,"href":"http:\/\/collegevauban-blaye.fr\/index.php?rest_route=\/wp\/v2\/users\/3"}],"replies":[{"embeddable":true,"href":"http:\/\/collegevauban-blaye.fr\/index.php?rest_route=%2Fwp%2Fv2%2Fcomments&post=4210"}],"version-history":[{"count":1,"href":"http:\/\/collegevauban-blaye.fr\/index.php?rest_route=\/wp\/v2\/pages\/4210\/revisions"}],"predecessor-version":[{"id":4212,"href":"http:\/\/collegevauban-blaye.fr\/index.php?rest_route=\/wp\/v2\/pages\/4210\/revisions\/4212"}],"wp:attachment":[{"href":"http:\/\/collegevauban-blaye.fr\/index.php?rest_route=%2Fwp%2Fv2%2Fmedia&parent=4210"}],"curies":[{"name":"wp","href":"https:\/\/api.w.org\/{rel}","templated":true}]}}