{"id":5147,"date":"2020-10-23T16:37:13","date_gmt":"2020-10-23T14:37:13","guid":{"rendered":"http:\/\/collegevauban-blaye.fr\/?page_id=5147"},"modified":"2022-12-18T18:29:00","modified_gmt":"2022-12-18T17:29:00","slug":"le-parcours-avenir","status":"publish","type":"page","link":"http:\/\/collegevauban-blaye.fr\/?page_id=5147","title":{"rendered":"Le Parcours Avenir"},"content":{"rendered":"\n<p>De la 6\u00e8me \u00e0 la Terminale, le parcours Avenir permet \u00e0 chaque \u00e9l\u00e8ve de<\/p>\n<ul>\n<li><strong>d\u00e9couvrir le monde \u00e9conomique et professionnel\u00a0<\/strong><\/li>\n<li><strong>d\u00e9velopper le sens de l\u2019engagement et de l\u2019initiative\u00a0<\/strong><\/li>\n<li><strong>\u00e9laborer son projet d\u2019orientation scolaire et professionnel<\/strong><\/li>\n<\/ul>\n<p><a href=\"https:\/\/www.education.gouv.fr\/le-parcours-avenir-7598\">https:\/\/www.education.gouv.fr\/le-parcours-avenir-7598<\/a><\/p>\n<p>Une progression tout au long du coll\u00e8ge&#8230;<\/p>\n<p><a href=\"http:\/\/collegevauban-blaye.fr\/wp-content\/uploads\/2021\/12\/Progression-Parcours-Avenir.odt\">Progression Parcours Avenir au coll\u00e8ge Vauban<\/a><\/p>\n<p>Des ressources pour \u00e9l\u00e8ves et enseignants&#8230;<\/p>\n<p><a href=\"https:\/\/padlet.com\/cdiclgvauban33\/28vd5mvz7wlqoss2\">Le PADLET du Parcours Avenir<\/a><\/p>\n\n\n\n\n<a href=\"http:\/\/collegevauban-blaye.fr\/wp-content\/uploads\/2022\/12\/flyer_tso_3e_2022.pdf\" class=\"pdfemb-viewer\" style=\"\" data-width=\"max\" data-height=\"max\"  data-toolbar=\"bottom\" data-toolbar-fixed=\"off\">flyer_tso_3e_2022<br\/><\/a>\n<p class=\"wp-block-pdfemb-pdf-embedder-viewer\"><\/p>\n\n\n<b>PDF Embedder requires a url attribute<\/b>","protected":false},"excerpt":{"rendered":"<p>De la 6\u00e8me \u00e0 la Terminale, le parcours Avenir permet \u00e0 chaque \u00e9l\u00e8ve de d\u00e9couvrir le monde \u00e9conomique et professionnel\u00a0 d\u00e9velopper le sens de l\u2019engagement et de l\u2019initiative\u00a0 \u00e9laborer son projet d\u2019orientation scolaire et professionnel https:\/\/www.education.gouv.fr\/le-parcours-avenir-7598 Une progression tout au long du coll\u00e8ge&#8230; Progression Parcours Avenir au coll\u00e8ge Vauban Des ressources pour \u00e9l\u00e8ves et enseignants&#8230; &hellip; <\/p>\n<p class=\"link-more\"><a href=\"http:\/\/collegevauban-blaye.fr\/?page_id=5147\" class=\"more-link\">Continuer la lecture<span class=\"screen-reader-text\"> de &laquo;&nbsp;Le Parcours Avenir&nbsp;&raquo;<\/span><\/a><\/p>\n","protected":false},"author":3,"featured_media":0,"parent":0,"menu_order":0,"comment_status":"closed","ping_status":"closed","template":"","meta":{"footnotes":""},"class_list":["post-5147","page","type-page","status-publish","hentry"],"_links":{"self":[{"href":"http:\/\/collegevauban-blaye.fr\/index.php?rest_route=\/wp\/v2\/pages\/5147","targetHints":{"allow":["GET"]}}],"collection":[{"href":"http:\/\/collegevauban-blaye.fr\/index.php?rest_route=\/wp\/v2\/pages"}],"about":[{"href":"http:\/\/collegevauban-blaye.fr\/index.php?rest_route=\/wp\/v2\/types\/page"}],"author":[{"embeddable":true,"href":"http:\/\/collegevauban-blaye.fr\/index.php?rest_route=\/wp\/v2\/users\/3"}],"replies":[{"embeddable":true,"href":"http:\/\/collegevauban-blaye.fr\/index.php?rest_route=%2Fwp%2Fv2%2Fcomments&post=5147"}],"version-history":[{"count":5,"href":"http:\/\/collegevauban-blaye.fr\/index.php?rest_route=\/wp\/v2\/pages\/5147\/revisions"}],"predecessor-version":[{"id":8312,"href":"http:\/\/collegevauban-blaye.fr\/index.php?rest_route=\/wp\/v2\/pages\/5147\/revisions\/8312"}],"wp:attachment":[{"href":"http:\/\/collegevauban-blaye.fr\/index.php?rest_route=%2Fwp%2Fv2%2Fmedia&parent=5147"}],"curies":[{"name":"wp","href":"https:\/\/api.w.org\/{rel}","templated":true}]}}