{"id":5907,"date":"2021-09-08T16:38:41","date_gmt":"2021-09-08T14:38:41","guid":{"rendered":"http:\/\/collegevauban-blaye.fr\/?page_id=5907"},"modified":"2021-09-23T16:39:00","modified_gmt":"2021-09-23T14:39:00","slug":"la-classe-arts","status":"publish","type":"page","link":"http:\/\/collegevauban-blaye.fr\/?page_id=5907","title":{"rendered":"La classe 6e ARTS"},"content":{"rendered":"<p style=\"text-align: left;\"><span style=\"font-size: 14pt; color: #008080;\"><img loading=\"lazy\" decoding=\"async\" class=\"wp-image-5980 size-medium alignright\" src=\"http:\/\/collegevauban-blaye.fr\/wp-content\/uploads\/2021\/09\/Sans-titre2-300x150.jpg\" alt=\"\" width=\"300\" height=\"150\" srcset=\"http:\/\/collegevauban-blaye.fr\/wp-content\/uploads\/2021\/09\/Sans-titre2-300x150.jpg 300w, http:\/\/collegevauban-blaye.fr\/wp-content\/uploads\/2021\/09\/Sans-titre2-1024x512.jpg 1024w, http:\/\/collegevauban-blaye.fr\/wp-content\/uploads\/2021\/09\/Sans-titre2-768x384.jpg 768w, http:\/\/collegevauban-blaye.fr\/wp-content\/uploads\/2021\/09\/Sans-titre2-1536x768.jpg 1536w, http:\/\/collegevauban-blaye.fr\/wp-content\/uploads\/2021\/09\/Sans-titre2-2048x1024.jpg 2048w\" sizes=\"auto, (max-width: 300px) 100vw, 300px\" \/>La Classe de 6e Arts se donne pour vocation d&#8217;ouvrir autant que possible ses \u00e9l\u00e8ves \u00e0 tous types d&#8217;activit\u00e9s <\/span><br \/>\n<span style=\"font-size: 14pt; color: #008080;\">artistiques : musique, arts plastiques, architecture, th\u00e9\u00e2tre, cin\u00e9ma, po\u00e9sie entre autres. Tout au long de l&#8217;ann\u00e9e, les <\/span><br \/>\n<span style=\"font-size: 14pt; color: #008080;\">\u00e9l\u00e8ves seront tour \u00e0 tour spectateurs et acteurs, lors de rencontres, au coll\u00e8ge ou dans diff\u00e9rents lieux de culture.<\/span><br \/>\n<span style=\"font-size: 14pt; color: #008080;\">\u00a0<\/span><\/p>\n","protected":false},"excerpt":{"rendered":"<p>La Classe de 6e Arts se donne pour vocation d&#8217;ouvrir autant que possible ses \u00e9l\u00e8ves \u00e0 tous types d&#8217;activit\u00e9s artistiques : musique, arts plastiques, architecture, th\u00e9\u00e2tre, cin\u00e9ma, po\u00e9sie entre autres. Tout au long de l&#8217;ann\u00e9e, les \u00e9l\u00e8ves seront tour \u00e0 tour spectateurs et acteurs, lors de rencontres, au coll\u00e8ge ou dans diff\u00e9rents lieux de culture. &hellip; <\/p>\n<p class=\"link-more\"><a href=\"http:\/\/collegevauban-blaye.fr\/?page_id=5907\" class=\"more-link\">Continuer la lecture<span class=\"screen-reader-text\"> de &laquo;&nbsp;La classe 6e ARTS&nbsp;&raquo;<\/span><\/a><\/p>\n","protected":false},"author":3,"featured_media":0,"parent":0,"menu_order":0,"comment_status":"closed","ping_status":"closed","template":"","meta":{"footnotes":""},"class_list":["post-5907","page","type-page","status-publish","hentry"],"_links":{"self":[{"href":"http:\/\/collegevauban-blaye.fr\/index.php?rest_route=\/wp\/v2\/pages\/5907","targetHints":{"allow":["GET"]}}],"collection":[{"href":"http:\/\/collegevauban-blaye.fr\/index.php?rest_route=\/wp\/v2\/pages"}],"about":[{"href":"http:\/\/collegevauban-blaye.fr\/index.php?rest_route=\/wp\/v2\/types\/page"}],"author":[{"embeddable":true,"href":"http:\/\/collegevauban-blaye.fr\/index.php?rest_route=\/wp\/v2\/users\/3"}],"replies":[{"embeddable":true,"href":"http:\/\/collegevauban-blaye.fr\/index.php?rest_route=%2Fwp%2Fv2%2Fcomments&post=5907"}],"version-history":[{"count":7,"href":"http:\/\/collegevauban-blaye.fr\/index.php?rest_route=\/wp\/v2\/pages\/5907\/revisions"}],"predecessor-version":[{"id":5984,"href":"http:\/\/collegevauban-blaye.fr\/index.php?rest_route=\/wp\/v2\/pages\/5907\/revisions\/5984"}],"wp:attachment":[{"href":"http:\/\/collegevauban-blaye.fr\/index.php?rest_route=%2Fwp%2Fv2%2Fmedia&parent=5907"}],"curies":[{"name":"wp","href":"https:\/\/api.w.org\/{rel}","templated":true}]}}