{"id":5944,"date":"2021-09-09T15:04:29","date_gmt":"2021-09-09T13:04:29","guid":{"rendered":"http:\/\/collegevauban-blaye.fr\/?page_id=5944"},"modified":"2021-09-09T15:07:12","modified_gmt":"2021-09-09T13:07:12","slug":"technologie","status":"publish","type":"page","link":"http:\/\/collegevauban-blaye.fr\/?page_id=5944","title":{"rendered":"Technologie"},"content":{"rendered":"<p>Site de technologie des 6\u00e8me : <a href=\"https:\/\/blogpeda.ac-bordeaux.fr\/techno6vds\/\">cliquez ici<\/a><\/p>\n<p>Site de technologie des 5\u00e8me : <a href=\"https:\/\/blogpeda.ac-bordeaux.fr\/techno5vds\/\">cliquez ici<\/a><\/p>\n<p>Site de technologie des 4\u00e8me : <a href=\"https:\/\/blogpeda.ac-bordeaux.fr\/techno4vds\/\">cliquez ici<\/a><\/p>\n","protected":false},"excerpt":{"rendered":"<p>Site de technologie des 6\u00e8me : cliquez ici Site de technologie des 5\u00e8me : cliquez ici Site de technologie des 4\u00e8me : cliquez ici<\/p>\n","protected":false},"author":3,"featured_media":0,"parent":0,"menu_order":0,"comment_status":"closed","ping_status":"closed","template":"","meta":{"footnotes":""},"class_list":["post-5944","page","type-page","status-publish","hentry"],"_links":{"self":[{"href":"http:\/\/collegevauban-blaye.fr\/index.php?rest_route=\/wp\/v2\/pages\/5944","targetHints":{"allow":["GET"]}}],"collection":[{"href":"http:\/\/collegevauban-blaye.fr\/index.php?rest_route=\/wp\/v2\/pages"}],"about":[{"href":"http:\/\/collegevauban-blaye.fr\/index.php?rest_route=\/wp\/v2\/types\/page"}],"author":[{"embeddable":true,"href":"http:\/\/collegevauban-blaye.fr\/index.php?rest_route=\/wp\/v2\/users\/3"}],"replies":[{"embeddable":true,"href":"http:\/\/collegevauban-blaye.fr\/index.php?rest_route=%2Fwp%2Fv2%2Fcomments&post=5944"}],"version-history":[{"count":3,"href":"http:\/\/collegevauban-blaye.fr\/index.php?rest_route=\/wp\/v2\/pages\/5944\/revisions"}],"predecessor-version":[{"id":5949,"href":"http:\/\/collegevauban-blaye.fr\/index.php?rest_route=\/wp\/v2\/pages\/5944\/revisions\/5949"}],"wp:attachment":[{"href":"http:\/\/collegevauban-blaye.fr\/index.php?rest_route=%2Fwp%2Fv2%2Fmedia&parent=5944"}],"curies":[{"name":"wp","href":"https:\/\/api.w.org\/{rel}","templated":true}]}}