{"id":6272,"date":"2021-11-11T19:02:16","date_gmt":"2021-11-11T18:02:16","guid":{"rendered":"http:\/\/collegevauban-blaye.fr\/?page_id=6272"},"modified":"2021-11-16T17:01:11","modified_gmt":"2021-11-16T16:01:11","slug":"english-music-club","status":"publish","type":"page","link":"http:\/\/collegevauban-blaye.fr\/?page_id=6272","title":{"rendered":"English Music Club"},"content":{"rendered":"\n<p>Les objectifs<br \/>La cr\u00e9ation de ce club de musiques actuelles vise \u00e0 proposer aux \u00e9l\u00e8ves de pratiquer leur<br \/>instrument ou le chant dans le cadre d&#8217;un groupe de musique. Il leur sera possible de choisir<br \/>librement les chansons \u00e0 reprendre avec pour seules contraintes la langue anglaise dans le texte et la<br \/>recevabilit\u00e9 des paroles. Le m\u00eame principe pourra s&#8217;appliquer lors de la cr\u00e9ation de compositions.<br \/>Cela permettra \u00e9galement de faire des ponts entre la culture anglo-saxonne \u00e9tudi\u00e9e en classe et la<br \/>d\u00e9couverte de groupes et de genres musicaux qui ont pu avoir une influence majeure dans la culture<br \/>occidentale contemporaine.<br \/>Un tel projet permet d&#8217;apprendre \u00e0 s&#8217;\u00e9couter, \u00e0 \u00e9voluer au sein d&#8217;un ensemble, mais aussi de<br \/>stimuler l&#8217;esprit cr\u00e9atif des \u00e9l\u00e8ves.<br \/>L&#8217;objectif \u00e0 court terme est de construire un groupe durable d&#8217;\u00e9l\u00e8ves concern\u00e9s et de favoriser la<br \/>pratique musicale de mani\u00e8re hebdomadaire.<\/p>\n<h6><img loading=\"lazy\" decoding=\"async\" class=\" wp-image-6379 alignleft\" src=\"http:\/\/collegevauban-blaye.fr\/wp-content\/uploads\/2021\/11\/Sans-titre4-300x200.jpg\" alt=\"\" width=\"347\" height=\"231\" srcset=\"http:\/\/collegevauban-blaye.fr\/wp-content\/uploads\/2021\/11\/Sans-titre4-300x200.jpg 300w, http:\/\/collegevauban-blaye.fr\/wp-content\/uploads\/2021\/11\/Sans-titre4.jpg 600w\" sizes=\"auto, (max-width: 347px) 100vw, 347px\" \/>Informations pratiques<\/h6>\n<h6>Quand ? Am\u00e9nagement d&#8217;une heure entre 12h30 et 13h30 le jeudi.<br \/>Qui ? M. Lamirault (\u00e9ducation musicale) et M. Charpentier (anglais) accueillent tous les \u00e9l\u00e8ves musiciens, curieux et motiv\u00e9s.<br \/>O\u00f9 ? Les r\u00e9p\u00e9titions s\u2019effectuent dans la salle de musique de M. Lamirault.<\/h6>\n<h6>\u00a0<\/h6>\n<h6><br \/>Set list<\/h6>\n<h6>Toutes les informations sur la set list en cours et sur les morceaux jou\u00e9s en suivant ce lien :<a href=\"https:\/\/view.genial.ly\/6187d3e2a7e99d0dea4a9662\/interactive-content-english-music-club-2021- 2022\" data-wplink-url-error=\"true\">https:\/\/view.genial.ly\/6187d3e2a7e99d0dea4a9662\/interactive-content-english-music-club-2021- 2022<\/a><br \/><br \/><\/h6>\n<p>\u00a0<\/p>\n<p>\u00a0<\/p>\n","protected":false},"excerpt":{"rendered":"<p>Les objectifsLa cr\u00e9ation de ce club de musiques actuelles vise \u00e0 proposer aux \u00e9l\u00e8ves de pratiquer leurinstrument ou le chant dans le cadre d&#8217;un groupe de musique. Il leur sera possible de choisirlibrement les chansons \u00e0 reprendre avec pour seules contraintes la langue anglaise dans le texte et larecevabilit\u00e9 des paroles. Le m\u00eame principe pourra &hellip; <\/p>\n<p class=\"link-more\"><a href=\"http:\/\/collegevauban-blaye.fr\/?page_id=6272\" class=\"more-link\">Continuer la lecture<span class=\"screen-reader-text\"> de &laquo;&nbsp;English Music Club&nbsp;&raquo;<\/span><\/a><\/p>\n","protected":false},"author":3,"featured_media":0,"parent":0,"menu_order":0,"comment_status":"closed","ping_status":"closed","template":"","meta":{"footnotes":""},"class_list":["post-6272","page","type-page","status-publish","hentry"],"_links":{"self":[{"href":"http:\/\/collegevauban-blaye.fr\/index.php?rest_route=\/wp\/v2\/pages\/6272","targetHints":{"allow":["GET"]}}],"collection":[{"href":"http:\/\/collegevauban-blaye.fr\/index.php?rest_route=\/wp\/v2\/pages"}],"about":[{"href":"http:\/\/collegevauban-blaye.fr\/index.php?rest_route=\/wp\/v2\/types\/page"}],"author":[{"embeddable":true,"href":"http:\/\/collegevauban-blaye.fr\/index.php?rest_route=\/wp\/v2\/users\/3"}],"replies":[{"embeddable":true,"href":"http:\/\/collegevauban-blaye.fr\/index.php?rest_route=%2Fwp%2Fv2%2Fcomments&post=6272"}],"version-history":[{"count":4,"href":"http:\/\/collegevauban-blaye.fr\/index.php?rest_route=\/wp\/v2\/pages\/6272\/revisions"}],"predecessor-version":[{"id":6381,"href":"http:\/\/collegevauban-blaye.fr\/index.php?rest_route=\/wp\/v2\/pages\/6272\/revisions\/6381"}],"wp:attachment":[{"href":"http:\/\/collegevauban-blaye.fr\/index.php?rest_route=%2Fwp%2Fv2%2Fmedia&parent=6272"}],"curies":[{"name":"wp","href":"https:\/\/api.w.org\/{rel}","templated":true}]}}