{"id":6275,"date":"2021-11-11T19:02:46","date_gmt":"2021-11-11T18:02:46","guid":{"rendered":"http:\/\/collegevauban-blaye.fr\/?page_id=6275"},"modified":"2021-11-16T16:38:13","modified_gmt":"2021-11-16T15:38:13","slug":"club-voyage","status":"publish","type":"page","link":"http:\/\/collegevauban-blaye.fr\/?page_id=6275","title":{"rendered":"Club Voyage"},"content":{"rendered":"\n<p>Anim\u00e9 par Mme Monguillot (professeur d\u2019anglais), le club voyage est fait pour apprendre,<br>d\u00e9couvrir de nouvelles cultures, comprendre le monde et prendre conscience de ses r\u00e9alit\u00e9s. Ce club<br>est ouvert \u00e0 tous les \u00e9l\u00e8ves curieux du monde qui nous entoure. Avec internet, voyager n\u2019a jamais<br>\u00e9t\u00e9 aussi facile. Le voyage permet d\u2019ouvrir son esprit \u00e0 diff\u00e9rentes cultures. Voyager permet donc de<br>s\u2019ouvrir aux autres, \u00e0 de nouveaux us et coutumes.<\/p>\n\n\n\n<p><\/p>\n\n\n\n<figure class=\"wp-block-image size-full\"><img loading=\"lazy\" decoding=\"async\" width=\"1000\" height=\"400\" src=\"http:\/\/collegevauban-blaye.fr\/wp-content\/uploads\/2021\/11\/Sans-titre2.jpg\" alt=\"\" class=\"wp-image-6372\" srcset=\"http:\/\/collegevauban-blaye.fr\/wp-content\/uploads\/2021\/11\/Sans-titre2.jpg 1000w, http:\/\/collegevauban-blaye.fr\/wp-content\/uploads\/2021\/11\/Sans-titre2-300x120.jpg 300w, http:\/\/collegevauban-blaye.fr\/wp-content\/uploads\/2021\/11\/Sans-titre2-768x307.jpg 768w\" sizes=\"auto, (max-width: 767px) 89vw, (max-width: 1000px) 54vw, (max-width: 1071px) 543px, 580px\" \/><\/figure>\n\n\n","protected":false},"excerpt":{"rendered":"<p>Anim\u00e9 par Mme Monguillot (professeur d\u2019anglais), le club voyage est fait pour apprendre,d\u00e9couvrir de nouvelles cultures, comprendre le monde et prendre conscience de ses r\u00e9alit\u00e9s. Ce clubest ouvert \u00e0 tous les \u00e9l\u00e8ves curieux du monde qui nous entoure. Avec internet, voyager n\u2019a jamais\u00e9t\u00e9 aussi facile. Le voyage permet d\u2019ouvrir son esprit \u00e0 diff\u00e9rentes cultures. Voyager &hellip; <\/p>\n<p class=\"link-more\"><a href=\"http:\/\/collegevauban-blaye.fr\/?page_id=6275\" class=\"more-link\">Continuer la lecture<span class=\"screen-reader-text\"> de &laquo;&nbsp;Club Voyage&nbsp;&raquo;<\/span><\/a><\/p>\n","protected":false},"author":3,"featured_media":6372,"parent":0,"menu_order":0,"comment_status":"closed","ping_status":"closed","template":"","meta":{"footnotes":""},"class_list":["post-6275","page","type-page","status-publish","has-post-thumbnail","hentry"],"_links":{"self":[{"href":"http:\/\/collegevauban-blaye.fr\/index.php?rest_route=\/wp\/v2\/pages\/6275","targetHints":{"allow":["GET"]}}],"collection":[{"href":"http:\/\/collegevauban-blaye.fr\/index.php?rest_route=\/wp\/v2\/pages"}],"about":[{"href":"http:\/\/collegevauban-blaye.fr\/index.php?rest_route=\/wp\/v2\/types\/page"}],"author":[{"embeddable":true,"href":"http:\/\/collegevauban-blaye.fr\/index.php?rest_route=\/wp\/v2\/users\/3"}],"replies":[{"embeddable":true,"href":"http:\/\/collegevauban-blaye.fr\/index.php?rest_route=%2Fwp%2Fv2%2Fcomments&post=6275"}],"version-history":[{"count":3,"href":"http:\/\/collegevauban-blaye.fr\/index.php?rest_route=\/wp\/v2\/pages\/6275\/revisions"}],"predecessor-version":[{"id":6375,"href":"http:\/\/collegevauban-blaye.fr\/index.php?rest_route=\/wp\/v2\/pages\/6275\/revisions\/6375"}],"wp:featuredmedia":[{"embeddable":true,"href":"http:\/\/collegevauban-blaye.fr\/index.php?rest_route=\/wp\/v2\/media\/6372"}],"wp:attachment":[{"href":"http:\/\/collegevauban-blaye.fr\/index.php?rest_route=%2Fwp%2Fv2%2Fmedia&parent=6275"}],"curies":[{"name":"wp","href":"https:\/\/api.w.org\/{rel}","templated":true}]}}