{"id":6278,"date":"2021-11-11T19:03:15","date_gmt":"2021-11-11T18:03:15","guid":{"rendered":"http:\/\/collegevauban-blaye.fr\/?page_id=6278"},"modified":"2021-11-16T16:52:57","modified_gmt":"2021-11-16T15:52:57","slug":"lecole-a-langlaise","status":"publish","type":"page","link":"http:\/\/collegevauban-blaye.fr\/?page_id=6278","title":{"rendered":"L&#8217;\u00e9cole \u00e0 l&#8217;anglaise"},"content":{"rendered":"\n<h5 style=\"text-align: left;\"><img loading=\"lazy\" decoding=\"async\" class=\" wp-image-6377 alignleft\" src=\"http:\/\/collegevauban-blaye.fr\/wp-content\/uploads\/2021\/11\/Sans-titre3-300x200.jpg\" alt=\"\" width=\"248\" height=\"165\" srcset=\"http:\/\/collegevauban-blaye.fr\/wp-content\/uploads\/2021\/11\/Sans-titre3-300x200.jpg 300w, http:\/\/collegevauban-blaye.fr\/wp-content\/uploads\/2021\/11\/Sans-titre3.jpg 600w\" sizes=\"auto, (max-width: 248px) 100vw, 248px\" \/><\/h5>\n<h5 style=\"text-align: left;\"><strong>Les objectifs<\/strong><br \/><strong>Ce projet permet \u00e0 certains des \u00e9l\u00e8ves de 6\u00e8me de pratiquer l\u2019anglais diff\u00e9remment. Le but est de <\/strong><strong>cr\u00e9er des situations authentiques de communication et de proposer des activit\u00e9s typiques \u00e0 nos <\/strong><strong>\u00e9l\u00e8ves, \u00e0 la mani\u00e8re d\u2019un apr\u00e8s-midi standard \u00e0 l\u2019\u00e9cole britannique.<\/strong><\/h5>\n<h5>\u00a0<\/h5>\n<h5 style=\"text-align: left;\"><strong>Informations pratiques<\/strong><br \/><strong>Quand ? Une semaine sur deux le mardi pendant les heures d\u2019AP anglais.<\/strong><br \/><strong>Qui ? M. Nixon &amp; M. Charpentier prennent en charge leurs groupes-classes de 6\u00e8me<\/strong><br \/><strong>O\u00f9 ? \u00c0 la citadelle Vauban de Blaye (parcours d\u2019orientation), dans la cour de l\u2019\u00e9tablissement, en<\/strong><br \/><strong>salle informatique, au gymnase&#8230;<\/strong><\/h5>\n<p><br \/>________________________________________________________________________________<\/p>\n","protected":false},"excerpt":{"rendered":"<p>Les objectifsCe projet permet \u00e0 certains des \u00e9l\u00e8ves de 6\u00e8me de pratiquer l\u2019anglais diff\u00e9remment. Le but est de cr\u00e9er des situations authentiques de communication et de proposer des activit\u00e9s typiques \u00e0 nos \u00e9l\u00e8ves, \u00e0 la mani\u00e8re d\u2019un apr\u00e8s-midi standard \u00e0 l\u2019\u00e9cole britannique. \u00a0 Informations pratiquesQuand ? Une semaine sur deux le mardi pendant les heures &hellip; <\/p>\n<p class=\"link-more\"><a href=\"http:\/\/collegevauban-blaye.fr\/?page_id=6278\" class=\"more-link\">Continuer la lecture<span class=\"screen-reader-text\"> de &laquo;&nbsp;L&#8217;\u00e9cole \u00e0 l&#8217;anglaise&nbsp;&raquo;<\/span><\/a><\/p>\n","protected":false},"author":3,"featured_media":0,"parent":0,"menu_order":0,"comment_status":"closed","ping_status":"closed","template":"","meta":{"footnotes":""},"class_list":["post-6278","page","type-page","status-publish","hentry"],"_links":{"self":[{"href":"http:\/\/collegevauban-blaye.fr\/index.php?rest_route=\/wp\/v2\/pages\/6278","targetHints":{"allow":["GET"]}}],"collection":[{"href":"http:\/\/collegevauban-blaye.fr\/index.php?rest_route=\/wp\/v2\/pages"}],"about":[{"href":"http:\/\/collegevauban-blaye.fr\/index.php?rest_route=\/wp\/v2\/types\/page"}],"author":[{"embeddable":true,"href":"http:\/\/collegevauban-blaye.fr\/index.php?rest_route=\/wp\/v2\/users\/3"}],"replies":[{"embeddable":true,"href":"http:\/\/collegevauban-blaye.fr\/index.php?rest_route=%2Fwp%2Fv2%2Fcomments&post=6278"}],"version-history":[{"count":2,"href":"http:\/\/collegevauban-blaye.fr\/index.php?rest_route=\/wp\/v2\/pages\/6278\/revisions"}],"predecessor-version":[{"id":6378,"href":"http:\/\/collegevauban-blaye.fr\/index.php?rest_route=\/wp\/v2\/pages\/6278\/revisions\/6378"}],"wp:attachment":[{"href":"http:\/\/collegevauban-blaye.fr\/index.php?rest_route=%2Fwp%2Fv2%2Fmedia&parent=6278"}],"curies":[{"name":"wp","href":"https:\/\/api.w.org\/{rel}","templated":true}]}}