{"id":7961,"date":"2022-10-19T18:53:06","date_gmt":"2022-10-19T16:53:06","guid":{"rendered":"http:\/\/collegevauban-blaye.fr\/?page_id=7961"},"modified":"2023-06-19T09:10:13","modified_gmt":"2023-06-19T07:10:13","slug":"culture-hispanique","status":"publish","type":"page","link":"http:\/\/collegevauban-blaye.fr\/?page_id=7961","title":{"rendered":"Culture Hispanique"},"content":{"rendered":"\n<p>Classe \u00e0 projet de 3\u00e8me men\u00e9e par Mme Tomas Le Van Hong, Professeure de Fran\u00e7ais et M. Garcia Goma, Professeur d&#8217;Espagnol.\u00a0<\/p>\n\n\n\n\n<div class=\"wp-block-image\">\n<figure class=\"aligncenter size-full\"><img loading=\"lazy\" decoding=\"async\" width=\"480\" height=\"527\" src=\"http:\/\/collegevauban-blaye.fr\/wp-content\/uploads\/2023\/06\/Logo-classe-hispanique-.png\" alt=\"\" class=\"wp-image-9373\" srcset=\"http:\/\/collegevauban-blaye.fr\/wp-content\/uploads\/2023\/06\/Logo-classe-hispanique-.png 480w, http:\/\/collegevauban-blaye.fr\/wp-content\/uploads\/2023\/06\/Logo-classe-hispanique--273x300.png 273w\" sizes=\"auto, (max-width: 480px) 100vw, 480px\" \/><\/figure>\n<\/div>","protected":false},"excerpt":{"rendered":"<p>Classe \u00e0 projet de 3\u00e8me men\u00e9e par Mme Tomas Le Van Hong, Professeure de Fran\u00e7ais et M. Garcia Goma, Professeur d&#8217;Espagnol.\u00a0<\/p>\n","protected":false},"author":3,"featured_media":0,"parent":0,"menu_order":0,"comment_status":"closed","ping_status":"closed","template":"","meta":{"footnotes":""},"class_list":["post-7961","page","type-page","status-publish","hentry"],"_links":{"self":[{"href":"http:\/\/collegevauban-blaye.fr\/index.php?rest_route=\/wp\/v2\/pages\/7961","targetHints":{"allow":["GET"]}}],"collection":[{"href":"http:\/\/collegevauban-blaye.fr\/index.php?rest_route=\/wp\/v2\/pages"}],"about":[{"href":"http:\/\/collegevauban-blaye.fr\/index.php?rest_route=\/wp\/v2\/types\/page"}],"author":[{"embeddable":true,"href":"http:\/\/collegevauban-blaye.fr\/index.php?rest_route=\/wp\/v2\/users\/3"}],"replies":[{"embeddable":true,"href":"http:\/\/collegevauban-blaye.fr\/index.php?rest_route=%2Fwp%2Fv2%2Fcomments&post=7961"}],"version-history":[{"count":3,"href":"http:\/\/collegevauban-blaye.fr\/index.php?rest_route=\/wp\/v2\/pages\/7961\/revisions"}],"predecessor-version":[{"id":9376,"href":"http:\/\/collegevauban-blaye.fr\/index.php?rest_route=\/wp\/v2\/pages\/7961\/revisions\/9376"}],"wp:attachment":[{"href":"http:\/\/collegevauban-blaye.fr\/index.php?rest_route=%2Fwp%2Fv2%2Fmedia&parent=7961"}],"curies":[{"name":"wp","href":"https:\/\/api.w.org\/{rel}","templated":true}]}}