{"id":105,"date":"2016-04-28T17:26:34","date_gmt":"2016-04-28T15:26:34","guid":{"rendered":"http:\/\/the7.io\/medical\/?page_id=105"},"modified":"2025-08-28T10:16:36","modified_gmt":"2025-08-28T08:16:36","slug":"organigramme-chiffres","status":"publish","type":"page","link":"https:\/\/collegevauban-blaye.fr\/?page_id=105","title":{"rendered":"Organigramme"},"content":{"rendered":"<p>[vc_row full_width=&#8221;stretch_row&#8221; type=&#8221;vc_default&#8221; css=&#8221;.vc_custom_1508774760150{margin-bottom: 50px !important;}&#8221;][vc_column offset=&#8221;vc_col-lg-12 vc_col-md-12&#8243;][vc_column_text css=&#8221;.vc_custom_1728760819185{border-radius: 2px !important;}&#8221;]<\/p>\n<h3>La direction<\/h3>\n<table style=\"height: 76px; width: 900px;\" width=\"900\">\n<tbody>\n<tr>\n<td style=\"text-align: center;\">M. Erwan Dando<\/p>\n<p>Principal<\/td>\n<td style=\"text-align: center;\">Mme Audrey Alliaume<\/p>\n<p>Principale Adjointe<\/td>\n<td style=\"text-align: center;\">Mme Delphine Neveu<\/p>\n<p>Adjointe Gestionnaire<\/td>\n<td style=\"text-align: center;\">M Laurent Dagnaud<\/p>\n<p>Directeur Adjoint de la SEGPA<\/td>\n<\/tr>\n<\/tbody>\n<\/table>\n<p>[\/vc_column_text][vc_column_text]<\/p>\n<h3>Les services administratifs<\/h3>\n<table style=\"width: 900px;\">\n<tbody>\n<tr>\n<td style=\"text-align: center;\">Mme Patricia DODIN<\/p>\n<p>Secr\u00e9tariat de Direction<br \/>\nSecr\u00e9tariat de la Scolarit\u00e9<\/td>\n<td style=\"text-align: center;\">Mme Christine Le Bihan Goyat<\/p>\n<p>Service Gestion<\/td>\n<td style=\"text-align: center;\">Mme Laurence SOUC<\/p>\n<p>Bourse\/Demi-pension<\/td>\n<\/tr>\n<\/tbody>\n<\/table>\n<p>[\/vc_column_text][\/vc_column][\/vc_row][vc_row full_width=&#8221;stretch_row&#8221; equal_height=&#8221;yes&#8221; content_placement=&#8221;middle&#8221; type=&#8221;vc_default&#8221; css=&#8221;.vc_custom_1508775026041{padding-bottom: 50px !important;}&#8221;][vc_column width=&#8221;1\/2&#8243; offset=&#8221;vc_col-xs-12&#8243;][vc_column_text css_animation=&#8221;fadeIn&#8221;]<\/p>\n<h3>La vie scolaire<\/h3>\n<table style=\"width: 500px;\">\n<tbody>\n<tr>\n<td style=\"text-align: center;\">Mme Florine BABIN<br \/>\nCPE<\/td>\n<td style=\"text-align: center;\">Mme Delphine FAURIE<br \/>\nCPE<\/td>\n<\/tr>\n<\/tbody>\n<\/table>\n<p>&nbsp;<\/p>\n<table style=\"width: 500px;\">\n<tbody>\n<tr>\n<td style=\"text-align: center;\">9 Assistants d\u2019\u00e9ducation<\/td>\n<\/tr>\n<\/tbody>\n<\/table>\n<p>[\/vc_column_text][\/vc_column][vc_column width=&#8221;1\/2&#8243; offset=&#8221;vc_hidden-sm vc_col-xs-12 vc_hidden-xs&#8221;][vc_column_text css=&#8221;.vc_custom_1728760880117{margin-bottom: 30px !important;}&#8221;]<\/p>\n<h3>L&#8217;accompagnement m\u00e9dico-social<\/h3>\n<table style=\"width: 700px;\">\n<tbody>\n<tr>\n<td style=\"width: 300px; border-style: none; text-align: center;\">Dr Laetitia Calderara<br \/>\nM\u00e9decin scolaire<\/td>\n<td style=\"width: 300px; border-style: none; text-align: center;\">Mme Marie GAMGUILHEM<br \/>\nInfirmi\u00e8re scolaire<\/td>\n<\/tr>\n<\/tbody>\n<\/table>\n<p>&nbsp;<\/p>\n<table style=\"height: 44px; width: 700px;\">\n<tbody>\n<tr style=\"height: 44px;\">\n<td style=\"width: 299.033px; border-style: none; text-align: center; height: 44px;\">Mme Elodie Sarrazin<br \/>\nPsychologue de l\u2019\u00c9ducation Nationale<\/td>\n<td style=\"width: 300px; border-style: none; height: 44px; text-align: center;\">Mme Charlotte VAN DER VEEN<br \/>\nAssistante sociale scolaire<\/td>\n<\/tr>\n<\/tbody>\n<\/table>\n<p>[\/vc_column_text][\/vc_column][\/vc_row][vc_row full_width=&#8221;stretch_row&#8221; type=&#8221;vc_default&#8221;][vc_column css=&#8221;.vc_custom_1508773239129{margin-bottom: 100px !important;}&#8221; offset=&#8221;vc_col-lg-12 vc_col-md-12&#8243;][vc_column_text css=&#8221;.vc_custom_1694161188395{margin-bottom: 30px !important;}&#8221;]<\/p>\n<h3>L&#8217;enseignement<\/h3>\n<table style=\"height: 22px; width: 700px;\">\n<tbody>\n<tr style=\"height: 22px;\">\n<td style=\"text-align: center; height: 22px; width: 489.533px;\"><span style=\"font-size: 14pt;\">57 Professeurs<\/span><\/td>\n<\/tr>\n<\/tbody>\n<\/table>\n<p>&nbsp;<\/p>\n<p>&nbsp;<\/p>\n<table style=\"width: 700px;\">\n<tbody>\n<tr>\n<td style=\"text-align: center; width: 324.9px;\">M. Fabrice MICHEL<br \/>\nR\u00e9f\u00e9rent<br \/>\nUnit\u00e9 Localis\u00e9e pour l&#8217;Inclusion Scolaire (ULIS)<\/td>\n<td style=\"text-align: center; width: 358.4px;\">R\u00e9f\u00e9rent<br \/>\nP\u00f4le d&#8217;Accompagnement \u00e0 la Pers\u00e9v\u00e9rance Scolaire (PAPS)<\/td>\n<\/tr>\n<\/tbody>\n<\/table>\n<p>[\/vc_column_text][vc_column_text]<\/p>\n<h3>La gestion technique<\/h3>\n<table style=\"width: 700px;\">\n<tbody>\n<tr>\n<td style=\"text-align: center;\">11 Adjoints Techniques Territoriaux d\u2019Entretien<\/td>\n<\/tr>\n<\/tbody>\n<\/table>\n<p>&nbsp;<\/p>\n<table style=\"width: 700px;\">\n<tbody>\n<tr>\n<td style=\"text-align: center;\">1 pour l&#8217;accueil<\/td>\n<td style=\"text-align: center;\">2 pour la maintenance<\/td>\n<td style=\"text-align: center;\">8 pour l&#8217;entretien<\/td>\n<\/tr>\n<\/tbody>\n<\/table>\n<p>[\/vc_column_text][\/vc_column][\/vc_row][vc_row full_width=&#8221;stretch_row&#8221; type=&#8221;vc_default&#8221; css=&#8221;.vc_custom_1508832603603{padding-top: 20px !important;background-color: #f4f4f4 !important;}&#8221;][vc_column offset=&#8221;vc_col-lg-12 vc_col-md-12&#8243;][vc_column_text]<\/p>\n<h3>Le coll\u00e8ge<\/h3>\n<p>6 classes de 3<sup>\u00e8me<\/sup><\/p>\n<p>6 classes de 4<sup>\u00e8me<\/sup><\/p>\n<p>6 classes de 5<sup>\u00e8me<\/sup><\/p>\n<p>5 classes de 6<sup>\u00e8me<\/sup>[\/vc_column_text][vc_column_inner width=&#8221;1\/4&#8243;][vc_column_text]<\/p>\n<h3>La SEGPA<\/h3>\n<p>1 classes de 3<sup>\u00e8me<\/sup><\/p>\n<p>1 classe de 4<sup>\u00e8me<\/sup><\/p>\n<p>1 classes de 5<sup>\u00e8me<\/sup><\/p>\n<p>1 classe de 6<sup>\u00e8me<\/sup>[\/vc_column_text][\/vc_column_inner][vc_column_inner width=&#8221;1\/6&#8243;][vc_column_text]<\/p>\n<h3>ULIS<\/h3>\n<p>2 classes[\/vc_column_text][\/vc_column_inner][vc_column_inner width=&#8221;1\/6&#8243;][\/vc_column_inner][vc_column_inner width=&#8221;1\/6&#8243;][\/vc_column_inner][\/vc_column][\/vc_row][vc_row full_width=&#8221;stretch_row&#8221; type=&#8221;vc_default&#8221; css=&#8221;.vc_custom_1508832611764{padding-bottom: 20px !important;background-color: #f4f4f4 !important;}&#8221;][vc_column offset=&#8221;vc_col-lg-12 vc_col-md-12&#8243;][vc_column_text]LV1: Anglais<\/p>\n<p>LV2: Allemand, Anglais, Chinois, Espagnol<\/p>\n<p>LCE<\/p>\n<p>Latin<\/p>\n<p>Rugby[\/vc_column_text][\/vc_column][\/vc_row]<\/p>\n","protected":false},"excerpt":{"rendered":"<p>[vc_row full_width=&#8221;stretch_row&#8221; type=&#8221;vc_default&#8221; css=&#8221;.vc_custom_1508774760150{margin-bottom: 50px !important;}&#8221;][vc_column offset=&#8221;vc_col-lg-12 vc_col-md-12&#8243;][vc_column_text css=&#8221;.vc_custom_1728760819185{border-radius: 2px !important;}&#8221;] La direction M. Erwan Dando Principal Mme Audrey Alliaume Principale Adjointe Mme Delphine Neveu Adjointe Gestionnaire M Laurent Dagnaud Directeur Adjoint de la SEGPA [\/vc_column_text][vc_column_text] Les services administratifs Mme Patricia DODIN Secr\u00e9tariat de Direction Secr\u00e9tariat de la Scolarit\u00e9 Mme Christine Le Bihan Goyat Service &hellip; <\/p>\n<p class=\"link-more\"><a href=\"https:\/\/collegevauban-blaye.fr\/?page_id=105\" class=\"more-link\">Continuer la lecture<span class=\"screen-reader-text\"> de &laquo;&nbsp;Organigramme&nbsp;&raquo;<\/span><\/a><\/p>\n","protected":false},"author":3,"featured_media":0,"parent":0,"menu_order":1,"comment_status":"closed","ping_status":"closed","template":"","meta":{"footnotes":""},"class_list":["post-105","page","type-page","status-publish","hentry"],"_links":{"self":[{"href":"https:\/\/collegevauban-blaye.fr\/index.php?rest_route=\/wp\/v2\/pages\/105","targetHints":{"allow":["GET"]}}],"collection":[{"href":"https:\/\/collegevauban-blaye.fr\/index.php?rest_route=\/wp\/v2\/pages"}],"about":[{"href":"https:\/\/collegevauban-blaye.fr\/index.php?rest_route=\/wp\/v2\/types\/page"}],"author":[{"embeddable":true,"href":"https:\/\/collegevauban-blaye.fr\/index.php?rest_route=\/wp\/v2\/users\/3"}],"replies":[{"embeddable":true,"href":"https:\/\/collegevauban-blaye.fr\/index.php?rest_route=%2Fwp%2Fv2%2Fcomments&post=105"}],"version-history":[{"count":24,"href":"https:\/\/collegevauban-blaye.fr\/index.php?rest_route=\/wp\/v2\/pages\/105\/revisions"}],"predecessor-version":[{"id":11867,"href":"https:\/\/collegevauban-blaye.fr\/index.php?rest_route=\/wp\/v2\/pages\/105\/revisions\/11867"}],"wp:attachment":[{"href":"https:\/\/collegevauban-blaye.fr\/index.php?rest_route=%2Fwp%2Fv2%2Fmedia&parent=105"}],"curies":[{"name":"wp","href":"https:\/\/api.w.org\/{rel}","templated":true}]}}