{"id":10818,"date":"2024-10-12T17:50:54","date_gmt":"2024-10-12T15:50:54","guid":{"rendered":"http:\/\/collegevauban-blaye.fr\/?page_id=10818"},"modified":"2024-10-12T17:57:16","modified_gmt":"2024-10-12T15:57:16","slug":"le-college-vauban-engage-dans-le-programme-phare","status":"publish","type":"page","link":"https:\/\/collegevauban-blaye.fr\/?page_id=10818","title":{"rendered":"Le coll\u00e8ge Vauban engag\u00e9 dans le programme pHARe"},"content":{"rendered":"\n\n\n<figure class=\"wp-block-image size-full\"><img loading=\"lazy\" decoding=\"async\" width=\"894\" height=\"441\" src=\"http:\/\/collegevauban-blaye.fr\/wp-content\/uploads\/2024\/10\/Capture.jpg\" alt=\"\" class=\"wp-image-10816\" srcset=\"https:\/\/collegevauban-blaye.fr\/wp-content\/uploads\/2024\/10\/Capture.jpg 894w, https:\/\/collegevauban-blaye.fr\/wp-content\/uploads\/2024\/10\/Capture-300x148.jpg 300w, https:\/\/collegevauban-blaye.fr\/wp-content\/uploads\/2024\/10\/Capture-768x379.jpg 768w\" sizes=\"auto, (max-width: 767px) 89vw, (max-width: 1000px) 54vw, (max-width: 1071px) 543px, 580px\" \/><figcaption class=\"wp-element-caption\"><a href=\"https:\/\/www.education.gouv.fr\/non-au-harcelement\/phare-un-programme-de-lutte-contre-le-harcelement-l-ecole-323435\">https:\/\/www.education.gouv.fr\/non-au-harcelement\/phare-un-programme-de-lutte-contre-le-harcelement-l-ecole-323435<\/a><\/figcaption><\/figure>\n\n\n\n<h2 id=\"edugouv-summary-item-0\" class=\"title\">Qu&#8217;est ce que le programme pHARe ?<\/h2>\n<h5>Le programme pHARe est un plan de pr\u00e9vention du harc\u00e8lement \u00e0 destination des \u00e9coles, des coll\u00e8ges et des lyc\u00e9es fond\u00e9 autour de 8 piliers :<\/h5>\n<ol>\n<li>\n<h5>Mesurer le climat scolaire.<\/h5>\n<\/li>\n<li>\n<h5>Pr\u00e9venir les ph\u00e9nom\u00e8nes de harc\u00e8lement.<\/h5>\n<\/li>\n<li>\n<h5>Former une communaut\u00e9 protectrice de professionnels et de personnels pour les \u00e9l\u00e8ves.<\/h5>\n<\/li>\n<li>\n<h5>Intervenir efficacement sur les situations de harc\u00e8lement.<\/h5>\n<\/li>\n<li>\n<h5>Associer les parents et les partenaires et communiquer sur le programme.<\/h5>\n<\/li>\n<li>\n<h5>Mobiliser les instances de d\u00e9mocratie scolaire (CVC, CVL) et le comit\u00e9 d\u2019\u00e9ducation \u00e0 la sant\u00e9, \u00e0 la citoyennet\u00e9 et \u00e0 l\u2019environnement.<\/h5>\n<\/li>\n<li>\n<h5>Suivre l\u2019impact de ces actions.<\/h5>\n<\/li>\n<li>\n<h5>Mettre \u00e0 disposition une plateforme d\u00e9di\u00e9e aux ressources.<\/h5>\n<\/li>\n<\/ol>\n","protected":false},"excerpt":{"rendered":"<p>Qu&#8217;est ce que le programme pHARe ? Le programme pHARe est un plan de pr\u00e9vention du harc\u00e8lement \u00e0 destination des \u00e9coles, des coll\u00e8ges et des lyc\u00e9es fond\u00e9 autour de 8 piliers : Mesurer le climat scolaire. Pr\u00e9venir les ph\u00e9nom\u00e8nes de harc\u00e8lement. Former une communaut\u00e9 protectrice de professionnels et de personnels pour les \u00e9l\u00e8ves. Intervenir efficacement &hellip; <\/p>\n<p class=\"link-more\"><a href=\"https:\/\/collegevauban-blaye.fr\/?page_id=10818\" class=\"more-link\">Continuer la lecture<span class=\"screen-reader-text\"> de &laquo;&nbsp;Le coll\u00e8ge Vauban engag\u00e9 dans le programme pHARe&nbsp;&raquo;<\/span><\/a><\/p>\n","protected":false},"author":3,"featured_media":0,"parent":0,"menu_order":0,"comment_status":"closed","ping_status":"closed","template":"","meta":{"footnotes":""},"class_list":["post-10818","page","type-page","status-publish","hentry"],"_links":{"self":[{"href":"https:\/\/collegevauban-blaye.fr\/index.php?rest_route=\/wp\/v2\/pages\/10818","targetHints":{"allow":["GET"]}}],"collection":[{"href":"https:\/\/collegevauban-blaye.fr\/index.php?rest_route=\/wp\/v2\/pages"}],"about":[{"href":"https:\/\/collegevauban-blaye.fr\/index.php?rest_route=\/wp\/v2\/types\/page"}],"author":[{"embeddable":true,"href":"https:\/\/collegevauban-blaye.fr\/index.php?rest_route=\/wp\/v2\/users\/3"}],"replies":[{"embeddable":true,"href":"https:\/\/collegevauban-blaye.fr\/index.php?rest_route=%2Fwp%2Fv2%2Fcomments&post=10818"}],"version-history":[{"count":2,"href":"https:\/\/collegevauban-blaye.fr\/index.php?rest_route=\/wp\/v2\/pages\/10818\/revisions"}],"predecessor-version":[{"id":10823,"href":"https:\/\/collegevauban-blaye.fr\/index.php?rest_route=\/wp\/v2\/pages\/10818\/revisions\/10823"}],"wp:attachment":[{"href":"https:\/\/collegevauban-blaye.fr\/index.php?rest_route=%2Fwp%2Fv2%2Fmedia&parent=10818"}],"curies":[{"name":"wp","href":"https:\/\/api.w.org\/{rel}","templated":true}]}}