{"id":2004,"date":"2018-10-02T09:25:44","date_gmt":"2018-10-02T07:25:44","guid":{"rendered":"https:\/\/www.collegevaubanblaye.fr\/?page_id=2004"},"modified":"2023-07-06T15:47:41","modified_gmt":"2023-07-06T13:47:41","slug":"chinois","status":"publish","type":"page","link":"https:\/\/collegevauban-blaye.fr\/?page_id=2004","title":{"rendered":"Chinois"},"content":{"rendered":"<p><img loading=\"lazy\" decoding=\"async\" class=\"size-full wp-image-3722 aligncenter\" src=\"http:\/\/collegevauban-blaye.fr\/wp-content\/uploads\/2019\/04\/Titre-page-CHINOIS-2.jpg\" alt=\"\" width=\"708\" height=\"109\" srcset=\"https:\/\/collegevauban-blaye.fr\/wp-content\/uploads\/2019\/04\/Titre-page-CHINOIS-2.jpg 708w, https:\/\/collegevauban-blaye.fr\/wp-content\/uploads\/2019\/04\/Titre-page-CHINOIS-2-300x46.jpg 300w\" sizes=\"auto, (max-width: 708px) 100vw, 708px\" \/><\/p>\n<p>Depuis la rentr\u00e9e 2016, le coll\u00e8ge S\u00e9bastien Vauban propose un enseignement <strong>de chinois en LV2<\/strong> (seconde langue vivante).<br \/>Les \u00e9l\u00e8ves commencent leur apprentissage du chinois <strong>d\u00e8s la 5<\/strong><strong>\u00e8me<\/strong>, \u00e0 raison de 2h30 par semaine, et le poursuivent ensuite au lyc\u00e9e Jaufr\u00e9 Rudel \u00e0 Blaye.<br \/>De la 5\u00e8me \u00e0 la Terminale, les \u00e9l\u00e8ves ont <strong>6 ann\u00e9es <\/strong>pour acqu\u00e9rir des comp\u00e9tences solides en langue, \u00e0 l\u2019<strong>oral <\/strong>comme \u00e0 l\u2019<strong>\u00e9crit<\/strong>, et en <strong>culture<\/strong>.<br \/><strong>Une langue <del>difficile <\/del><\/strong><strong>diff\u00e9rente <\/strong><strong>!<\/strong><br \/>Ce n\u2019est pas parce que le chinois est une langue diff\u00e9rente de la n\u00f4tre qu\u2019elle est forc\u00e9ment plus difficile \u00e0 apprendre. La grammaire du chinois est simple : les caract\u00e8res sont invariables, il n\u2019y a pas de conjugaison, pas de pluriel, pas de genre masculin \/ f\u00e9minin.<br \/>Le choix de cette langue n\u2019est pas forc\u00e9ment r\u00e9serv\u00e9 aux \u00e9l\u00e8ves extr\u00eamement brillants, si on est motiv\u00e9(e), que l\u2019on travaille r\u00e9guli\u00e8rement, avec rigueur, on peut parfaitement r\u00e9ussir son apprentissage du chinois.<br \/>De plus en plus de coll\u00e9giens et lyc\u00e9ens font le choix de cette langue. En France, ils sont actuellement plus de 44 000 \u00e0 l\u2019apprendre en 1\u00e8re, 2\u00e8me ou 3\u00e8me langue.<br \/>Et vous, vous commencez quand ?!<\/p>\n<p>Par curiosit\u00e9 : <a href=\"https:\/\/www.chine-nouvelle.com\/methode\/chinois\" target=\"_blank\" rel=\"noopener noreferrer\">https:\/\/www.chine-nouvelle.com\/methode\/chinois<\/a><\/p>\n\n<a href=\"https:\/\/collegevauban-blaye.fr\/wp-content\/uploads\/2020\/05\/chinois-afpc.pdf\" class=\"pdfemb-viewer\" style=\"\" data-width=\"max\" data-height=\"max\"  data-toolbar=\"bottom\" data-toolbar-fixed=\"off\">chinois-afpc<br\/><\/a>\n<p class=\"wp-block-pdfemb-pdf-embedder-viewer\"><\/p>\n","protected":false},"excerpt":{"rendered":"<p>Depuis la rentr\u00e9e 2016, le coll\u00e8ge S\u00e9bastien Vauban propose un enseignement de chinois en LV2 (seconde langue vivante).Les \u00e9l\u00e8ves commencent leur apprentissage du chinois d\u00e8s la 5\u00e8me, \u00e0 raison de 2h30 par semaine, et le poursuivent ensuite au lyc\u00e9e Jaufr\u00e9 Rudel \u00e0 Blaye.De la 5\u00e8me \u00e0 la Terminale, les \u00e9l\u00e8ves ont 6 ann\u00e9es pour acqu\u00e9rir &hellip; <\/p>\n<p class=\"link-more\"><a href=\"https:\/\/collegevauban-blaye.fr\/?page_id=2004\" class=\"more-link\">Continuer la lecture<span class=\"screen-reader-text\"> de &laquo;&nbsp;Chinois&nbsp;&raquo;<\/span><\/a><\/p>\n","protected":false},"author":3,"featured_media":0,"parent":0,"menu_order":0,"comment_status":"closed","ping_status":"closed","template":"","meta":{"footnotes":""},"class_list":["post-2004","page","type-page","status-publish","hentry"],"_links":{"self":[{"href":"https:\/\/collegevauban-blaye.fr\/index.php?rest_route=\/wp\/v2\/pages\/2004","targetHints":{"allow":["GET"]}}],"collection":[{"href":"https:\/\/collegevauban-blaye.fr\/index.php?rest_route=\/wp\/v2\/pages"}],"about":[{"href":"https:\/\/collegevauban-blaye.fr\/index.php?rest_route=\/wp\/v2\/types\/page"}],"author":[{"embeddable":true,"href":"https:\/\/collegevauban-blaye.fr\/index.php?rest_route=\/wp\/v2\/users\/3"}],"replies":[{"embeddable":true,"href":"https:\/\/collegevauban-blaye.fr\/index.php?rest_route=%2Fwp%2Fv2%2Fcomments&post=2004"}],"version-history":[{"count":5,"href":"https:\/\/collegevauban-blaye.fr\/index.php?rest_route=\/wp\/v2\/pages\/2004\/revisions"}],"predecessor-version":[{"id":9545,"href":"https:\/\/collegevauban-blaye.fr\/index.php?rest_route=\/wp\/v2\/pages\/2004\/revisions\/9545"}],"wp:attachment":[{"href":"https:\/\/collegevauban-blaye.fr\/index.php?rest_route=%2Fwp%2Fv2%2Fmedia&parent=2004"}],"curies":[{"name":"wp","href":"https:\/\/api.w.org\/{rel}","templated":true}]}}